{"id":3650,"date":"2019-05-23T15:15:26","date_gmt":"2019-05-23T13:15:26","guid":{"rendered":"http:\/\/germanforstudents.dieberatercloud.at\/?page_id=3650"},"modified":"2022-12-15T08:50:25","modified_gmt":"2022-12-15T07:50:25","slug":"deutschkurs_und_cov19","status":"publish","type":"page","link":"https:\/\/germanforstudents.dieberatercloud.at\/de\/deutschkurs_und_cov19\/","title":{"rendered":"Unser Blended Learning-Konzept"},"content":{"rendered":"<section class=\"wpb-content-wrapper\"><p>[vc_row css=&#8220;.vc_custom_1462263230745{padding-top: 80px !important;}&#8220;][vc_column el_class=&#8220;text-left&#8220; css=&#8220;.vc_custom_1451967642365{margin-bottom: 60px !important;}&#8220;][vc_column_text css=&#8220;.vc_custom_1652691964112{margin-bottom: 15px !important;}&#8220; el_class=&#8220;underline&#8220;]<\/p>\n<h3>Unser Blended Learning-Konzept<\/h3>\n<p>[\/vc_column_text][\/vc_column][\/vc_row][vc_row][vc_column][vc_column_text]Unsere VWU-Kurse werden im Pr\u00e4senzmodus im Rahmen eines Blended-Learning-Konzeptes abgehalten. In unseren Kursen erwartet Sie also ein hochqualifizierter Unterricht mit modernsten Methoden, die auch digitale Elemente und hybriden Unterricht inkludieren.<\/p>\n<h4>Das Konzept<\/h4>\n<p>Unsere VWU-Deutschkurse bestehen aus 4 Pr\u00e4senz- und einem Onlinetag. Mit diesem Blended Learning-Konzept reagieren wir auf eine neue Lernrealit\u00e4t, in der sich Studierende befinden. Online Learning und digitale Tools sind mittlerweile sowohl an der Universit\u00e4t als auch im Arbeitsleben eine Voraussetzung, auf die Teilnehmende in unseren VWU-Deutschkursen optimal vorbereitet werden. Auch werden dadurch F\u00e4higkeiten zum selbstst\u00e4ndigen Lernen trainiert, die f\u00fcr das Studium fundamental sind. Sowohl in den Pr\u00e4senz- als auch in den Onlinephasen trainieren unsere Kurse alle Sprachf\u00e4higkeiten, vermittelt durch einen Mix aus modernen, kommunikativen Methoden und mit gezielter Unterst\u00fctzung von digitalen Tools und Apps.<\/p>\n<h4>Technisches Equipment<\/h4>\n<p>Bitte stellen Sie daher sicher, dass Sie \u00fcber das notwendige Equipment verf\u00fcgen:<\/p>\n<ul>\n<li>Sie ben\u00f6tigen einen PC\/ Laptop mit Mikrofon, Lautsprecher\/Kopfh\u00f6rer und Webcam.<\/li>\n<li>F\u00fcr Ihren virtuellen Kursraum wird die externe Lernplattform Moodle und das Kollaborationstool Zoom eingesetzt.<\/li>\n<li>Die empfohlene Bandbreite Ihres Internetzugangs ist 1,5 Mbps\/1,5 Mbps (hoch\/herunter). Hier finden Sie einen Geschwindigkeitstest, um Ihre Geschwindigkeit zu \u00fcberpr\u00fcfen: <a style=\"background-color: #ffffff;\" href=\"https:\/\/www.speedtest.net\/\">speedtest.net<\/a><\/li>\n<\/ul>\n<p>[\/vc_column_text][vc_empty_space height=&#8220;40px&#8220;][\/vc_column][\/vc_row][vc_row][vc_column][vc_single_image image=&#8220;3670&#8243; img_size=&#8220;large&#8220;][\/vc_column][\/vc_row][vc_row][vc_column][vc_separator css=&#8220;.vc_custom_1592921494475{margin-top: 20px !important;margin-bottom: 20px !important;}&#8220;][\/vc_column][\/vc_row]<\/p>\n<\/section>","protected":false},"excerpt":{"rendered":"<p>[vc_row css=&#8220;.vc_custom_1462263230745{padding-top: 80px !important;}&#8220;][vc_column el_class=&#8220;text-left&#8220; css=&#8220;.vc_custom_1451967642365{margin-bottom: 60px !important;}&#8220;][vc_column_text css=&#8220;.vc_custom_1652691964112{margin-bottom: 15px !important;}&#8220; el_class=&#8220;underline&#8220;] Unser Blended Learning-Konzept [\/vc_column_text][\/vc_column][\/vc_row][vc_row][vc_column][vc_column_text]Unsere VWU-Kurse werden im Pr\u00e4senzmodus im Rahmen eines Blended-Learning-Konzeptes abgehalten. In unseren Kursen erwartet Sie also ein hochqualifizierter Unterricht mit modernsten Methoden, die auch digitale Elemente und hybriden Unterricht inkludieren. Das Konzept Unsere VWU-Deutschkurse bestehen aus 4 Pr\u00e4senz- und einem [&hellip;]<\/p>\n","protected":false},"author":9,"featured_media":0,"parent":0,"menu_order":0,"comment_status":"closed","ping_status":"closed","template":"","meta":[],"acf":[],"yoast_head":"<!-- This site is optimized with the Yoast SEO plugin v20.0 - https:\/\/yoast.com\/wordpress\/plugins\/seo\/ -->\n<title>Unser Blended Learning-Konzept - Deutschkurse f\u00fcr den Vorstudienlehrgang der Wiener Universit\u00e4ten<\/title>\n<meta name=\"description\" content=\"Mit unseren Deutschkursen f\u00fcr den Vorstudienlehrgang der Wiener Universit\u00e4ten bereiten wir auf die Erg\u00e4nzungspr\u00fcfung aus Deutsch vor.\" \/>\n<meta name=\"robots\" content=\"noindex, follow, max-snippet:-1, max-image-preview:large, max-video-preview:-1\" \/>\n<meta property=\"og:locale\" content=\"de_DE\" \/>\n<meta property=\"og:type\" content=\"article\" \/>\n<meta property=\"og:title\" content=\"Unser Blended Learning-Konzept - Deutschkurse f\u00fcr den Vorstudienlehrgang der Wiener Universit\u00e4ten\" \/>\n<meta property=\"og:description\" content=\"Mit unseren Deutschkursen f\u00fcr den Vorstudienlehrgang der Wiener Universit\u00e4ten bereiten wir auf die Erg\u00e4nzungspr\u00fcfung aus Deutsch vor.\" \/>\n<meta property=\"og:url\" content=\"https:\/\/germanforstudents.dieberatercloud.at\/de\/deutschkurs_und_cov19\/\" \/>\n<meta property=\"og:site_name\" content=\"Deutschkurse f\u00fcr den Vorstudienlehrgang der Wiener Universit\u00e4ten\" \/>\n<meta property=\"article:modified_time\" content=\"2022-12-15T07:50:25+00:00\" \/>\n<meta property=\"og:image\" content=\"https:\/\/germanforstudents.dieberatercloud.at\/wp-content\/uploads\/2019\/05\/153052-OU5TEO-736-1024x683.jpg\" \/>\n\t<meta property=\"og:image:width\" content=\"1024\" \/>\n\t<meta property=\"og:image:height\" content=\"683\" \/>\n\t<meta property=\"og:image:type\" content=\"image\/jpeg\" \/>\n<meta name=\"twitter:card\" content=\"summary_large_image\" \/>\n<meta name=\"twitter:label1\" content=\"Gesch\u00e4tzte Lesezeit\" \/>\n\t<meta name=\"twitter:data1\" content=\"1\u00a0Minute\" \/>\n<script type=\"application\/ld+json\" class=\"yoast-schema-graph\">{\"@context\":\"https:\/\/schema.org\",\"@graph\":[{\"@type\":\"WebPage\",\"@id\":\"https:\/\/germanforstudents.dieberatercloud.at\/de\/deutschkurs_und_cov19\/\",\"url\":\"https:\/\/germanforstudents.dieberatercloud.at\/de\/deutschkurs_und_cov19\/\",\"name\":\"Unser Blended Learning-Konzept - Deutschkurse f\u00fcr den Vorstudienlehrgang der Wiener Universit\u00e4ten\",\"isPartOf\":{\"@id\":\"https:\/\/germanforstudents.dieberatercloud.at\/de\/#website\"},\"datePublished\":\"2019-05-23T13:15:26+00:00\",\"dateModified\":\"2022-12-15T07:50:25+00:00\",\"description\":\"Mit unseren Deutschkursen f\u00fcr den Vorstudienlehrgang der Wiener Universit\u00e4ten bereiten wir auf die Erg\u00e4nzungspr\u00fcfung aus Deutsch vor.\",\"breadcrumb\":{\"@id\":\"https:\/\/germanforstudents.dieberatercloud.at\/de\/deutschkurs_und_cov19\/#breadcrumb\"},\"inLanguage\":\"de\",\"potentialAction\":[{\"@type\":\"ReadAction\",\"target\":[\"https:\/\/germanforstudents.dieberatercloud.at\/de\/deutschkurs_und_cov19\/\"]}]},{\"@type\":\"BreadcrumbList\",\"@id\":\"https:\/\/germanforstudents.dieberatercloud.at\/de\/deutschkurs_und_cov19\/#breadcrumb\",\"itemListElement\":[{\"@type\":\"ListItem\",\"position\":1,\"name\":\"Startseite\",\"item\":\"https:\/\/germanforstudents.dieberatercloud.at\/de\/\"},{\"@type\":\"ListItem\",\"position\":2,\"name\":\"Unser Blended Learning-Konzept\"}]},{\"@type\":\"WebSite\",\"@id\":\"https:\/\/germanforstudents.dieberatercloud.at\/de\/#website\",\"url\":\"https:\/\/germanforstudents.dieberatercloud.at\/de\/\",\"name\":\"Deutschkurse f\u00fcr den Vorstudienlehrgang der Wiener Universit\u00e4ten\",\"description\":\"Deutsch lernen f\u00fcr Ihr Studium in Wien\",\"potentialAction\":[{\"@type\":\"SearchAction\",\"target\":{\"@type\":\"EntryPoint\",\"urlTemplate\":\"https:\/\/germanforstudents.dieberatercloud.at\/de\/?s={search_term_string}\"},\"query-input\":\"required name=search_term_string\"}],\"inLanguage\":\"de\"}]}<\/script>\n<!-- \/ Yoast SEO plugin. -->","yoast_head_json":{"title":"Unser Blended Learning-Konzept - Deutschkurse f\u00fcr den Vorstudienlehrgang der Wiener Universit\u00e4ten","description":"Mit unseren Deutschkursen f\u00fcr den Vorstudienlehrgang der Wiener Universit\u00e4ten bereiten wir auf die Erg\u00e4nzungspr\u00fcfung aus Deutsch vor.","robots":{"index":"noindex","follow":"follow","max-snippet":"max-snippet:-1","max-image-preview":"max-image-preview:large","max-video-preview":"max-video-preview:-1"},"og_locale":"de_DE","og_type":"article","og_title":"Unser Blended Learning-Konzept - Deutschkurse f\u00fcr den Vorstudienlehrgang der Wiener Universit\u00e4ten","og_description":"Mit unseren Deutschkursen f\u00fcr den Vorstudienlehrgang der Wiener Universit\u00e4ten bereiten wir auf die Erg\u00e4nzungspr\u00fcfung aus Deutsch vor.","og_url":"https:\/\/germanforstudents.dieberatercloud.at\/de\/deutschkurs_und_cov19\/","og_site_name":"Deutschkurse f\u00fcr den Vorstudienlehrgang der Wiener Universit\u00e4ten","article_modified_time":"2022-12-15T07:50:25+00:00","og_image":[{"width":1024,"height":683,"url":"https:\/\/germanforstudents.dieberatercloud.at\/wp-content\/uploads\/2019\/05\/153052-OU5TEO-736-1024x683.jpg","type":"image\/jpeg"}],"twitter_card":"summary_large_image","twitter_misc":{"Gesch\u00e4tzte Lesezeit":"1\u00a0Minute"},"schema":{"@context":"https:\/\/schema.org","@graph":[{"@type":"WebPage","@id":"https:\/\/germanforstudents.dieberatercloud.at\/de\/deutschkurs_und_cov19\/","url":"https:\/\/germanforstudents.dieberatercloud.at\/de\/deutschkurs_und_cov19\/","name":"Unser Blended Learning-Konzept - Deutschkurse f\u00fcr den Vorstudienlehrgang der Wiener Universit\u00e4ten","isPartOf":{"@id":"https:\/\/germanforstudents.dieberatercloud.at\/de\/#website"},"datePublished":"2019-05-23T13:15:26+00:00","dateModified":"2022-12-15T07:50:25+00:00","description":"Mit unseren Deutschkursen f\u00fcr den Vorstudienlehrgang der Wiener Universit\u00e4ten bereiten wir auf die Erg\u00e4nzungspr\u00fcfung aus Deutsch vor.","breadcrumb":{"@id":"https:\/\/germanforstudents.dieberatercloud.at\/de\/deutschkurs_und_cov19\/#breadcrumb"},"inLanguage":"de","potentialAction":[{"@type":"ReadAction","target":["https:\/\/germanforstudents.dieberatercloud.at\/de\/deutschkurs_und_cov19\/"]}]},{"@type":"BreadcrumbList","@id":"https:\/\/germanforstudents.dieberatercloud.at\/de\/deutschkurs_und_cov19\/#breadcrumb","itemListElement":[{"@type":"ListItem","position":1,"name":"Startseite","item":"https:\/\/germanforstudents.dieberatercloud.at\/de\/"},{"@type":"ListItem","position":2,"name":"Unser Blended Learning-Konzept"}]},{"@type":"WebSite","@id":"https:\/\/germanforstudents.dieberatercloud.at\/de\/#website","url":"https:\/\/germanforstudents.dieberatercloud.at\/de\/","name":"Deutschkurse f\u00fcr den Vorstudienlehrgang der Wiener Universit\u00e4ten","description":"Deutsch lernen f\u00fcr Ihr Studium in Wien","potentialAction":[{"@type":"SearchAction","target":{"@type":"EntryPoint","urlTemplate":"https:\/\/germanforstudents.dieberatercloud.at\/de\/?s={search_term_string}"},"query-input":"required name=search_term_string"}],"inLanguage":"de"}]}},"_links":{"self":[{"href":"https:\/\/germanforstudents.dieberatercloud.at\/de\/wp-json\/wp\/v2\/pages\/3650"}],"collection":[{"href":"https:\/\/germanforstudents.dieberatercloud.at\/de\/wp-json\/wp\/v2\/pages"}],"about":[{"href":"https:\/\/germanforstudents.dieberatercloud.at\/de\/wp-json\/wp\/v2\/types\/page"}],"author":[{"embeddable":true,"href":"https:\/\/germanforstudents.dieberatercloud.at\/de\/wp-json\/wp\/v2\/users\/9"}],"replies":[{"embeddable":true,"href":"https:\/\/germanforstudents.dieberatercloud.at\/de\/wp-json\/wp\/v2\/comments?post=3650"}],"version-history":[{"count":13,"href":"https:\/\/germanforstudents.dieberatercloud.at\/de\/wp-json\/wp\/v2\/pages\/3650\/revisions"}],"predecessor-version":[{"id":4486,"href":"https:\/\/germanforstudents.dieberatercloud.at\/de\/wp-json\/wp\/v2\/pages\/3650\/revisions\/4486"}],"wp:attachment":[{"href":"https:\/\/germanforstudents.dieberatercloud.at\/de\/wp-json\/wp\/v2\/media?parent=3650"}],"curies":[{"name":"wp","href":"https:\/\/api.w.org\/{rel}","templated":true}]}}