{"id":3393,"date":"2016-07-06T12:29:46","date_gmt":"2016-07-06T10:29:46","guid":{"rendered":"http:\/\/germanforstudents.dieberatercloud.at\/de\/?page_id=3393"},"modified":"2016-07-06T12:29:46","modified_gmt":"2016-07-06T10:29:46","slug":"schritt-fuer-schritt","status":"publish","type":"page","link":"https:\/\/germanforstudents.dieberatercloud.at\/de\/schritt-fuer-schritt\/","title":{"rendered":"Schritt f\u00fcr Schritt"},"content":{"rendered":"<section class=\"wpb-content-wrapper\"><p>[vc_row css=&#8220;.vc_custom_1464619333206{padding-top: 100px !important;}&#8220;][vc_column][vc_video link=&#8220;https:\/\/vimeo.com\/173598755&#8243;][\/vc_column][\/vc_row]<\/p>\n<\/section>","protected":false},"excerpt":{"rendered":"<p>[vc_row css=&#8220;.vc_custom_1464619333206{padding-top: 100px !important;}&#8220;][vc_column][vc_video link=&#8220;https:\/\/vimeo.com\/173598755&#8243;][\/vc_column][\/vc_row]<\/p>\n","protected":false},"author":5,"featured_media":0,"parent":0,"menu_order":0,"comment_status":"closed","ping_status":"closed","template":"","meta":[],"acf":[],"yoast_head":"<!-- This site is optimized with the Yoast SEO plugin v20.0 - https:\/\/yoast.com\/wordpress\/plugins\/seo\/ -->\n<title>Schritt f\u00fcr Schritt - Deutschkurse f\u00fcr den Vorstudienlehrgang der Wiener Universit\u00e4ten<\/title>\n<meta name=\"robots\" content=\"noindex, follow, max-snippet:-1, max-image-preview:large, max-video-preview:-1\" \/>\n<meta property=\"og:locale\" content=\"de_DE\" \/>\n<meta property=\"og:type\" content=\"article\" \/>\n<meta property=\"og:title\" content=\"Schritt f\u00fcr Schritt - Deutschkurse f\u00fcr den Vorstudienlehrgang der Wiener Universit\u00e4ten\" \/>\n<meta property=\"og:description\" content=\"[vc_row css=&#8220;.vc_custom_1464619333206{padding-top: 100px !important;}&#8220;][vc_column][vc_video link=&#8220;https:\/\/vimeo.com\/173598755&#8243;][\/vc_column][\/vc_row]\" \/>\n<meta property=\"og:url\" content=\"https:\/\/germanforstudents.dieberatercloud.at\/de\/schritt-fuer-schritt\/\" \/>\n<meta property=\"og:site_name\" content=\"Deutschkurse f\u00fcr den Vorstudienlehrgang der Wiener Universit\u00e4ten\" \/>\n<meta name=\"twitter:card\" content=\"summary_large_image\" \/>\n<meta name=\"twitter:label1\" content=\"Gesch\u00e4tzte Lesezeit\" \/>\n\t<meta name=\"twitter:data1\" content=\"1\u00a0Minute\" \/>\n<script type=\"application\/ld+json\" class=\"yoast-schema-graph\">{\"@context\":\"https:\/\/schema.org\",\"@graph\":[{\"@type\":\"WebPage\",\"@id\":\"https:\/\/germanforstudents.dieberatercloud.at\/de\/schritt-fuer-schritt\/\",\"url\":\"https:\/\/germanforstudents.dieberatercloud.at\/de\/schritt-fuer-schritt\/\",\"name\":\"Schritt f\u00fcr Schritt - Deutschkurse f\u00fcr den Vorstudienlehrgang der Wiener Universit\u00e4ten\",\"isPartOf\":{\"@id\":\"https:\/\/germanforstudents.dieberatercloud.at\/de\/#website\"},\"datePublished\":\"2016-07-06T10:29:46+00:00\",\"dateModified\":\"2016-07-06T10:29:46+00:00\",\"breadcrumb\":{\"@id\":\"https:\/\/germanforstudents.dieberatercloud.at\/de\/schritt-fuer-schritt\/#breadcrumb\"},\"inLanguage\":\"de\",\"potentialAction\":[{\"@type\":\"ReadAction\",\"target\":[\"https:\/\/germanforstudents.dieberatercloud.at\/de\/schritt-fuer-schritt\/\"]}]},{\"@type\":\"BreadcrumbList\",\"@id\":\"https:\/\/germanforstudents.dieberatercloud.at\/de\/schritt-fuer-schritt\/#breadcrumb\",\"itemListElement\":[{\"@type\":\"ListItem\",\"position\":1,\"name\":\"Startseite\",\"item\":\"https:\/\/germanforstudents.dieberatercloud.at\/de\/\"},{\"@type\":\"ListItem\",\"position\":2,\"name\":\"Schritt f\u00fcr Schritt\"}]},{\"@type\":\"WebSite\",\"@id\":\"https:\/\/germanforstudents.dieberatercloud.at\/de\/#website\",\"url\":\"https:\/\/germanforstudents.dieberatercloud.at\/de\/\",\"name\":\"Deutschkurse f\u00fcr den Vorstudienlehrgang der Wiener Universit\u00e4ten\",\"description\":\"Deutsch lernen f\u00fcr Ihr Studium in Wien\",\"potentialAction\":[{\"@type\":\"SearchAction\",\"target\":{\"@type\":\"EntryPoint\",\"urlTemplate\":\"https:\/\/germanforstudents.dieberatercloud.at\/de\/?s={search_term_string}\"},\"query-input\":\"required name=search_term_string\"}],\"inLanguage\":\"de\"}]}<\/script>\n<!-- \/ Yoast SEO plugin. -->","yoast_head_json":{"title":"Schritt f\u00fcr Schritt - Deutschkurse f\u00fcr den Vorstudienlehrgang der Wiener Universit\u00e4ten","robots":{"index":"noindex","follow":"follow","max-snippet":"max-snippet:-1","max-image-preview":"max-image-preview:large","max-video-preview":"max-video-preview:-1"},"og_locale":"de_DE","og_type":"article","og_title":"Schritt f\u00fcr Schritt - Deutschkurse f\u00fcr den Vorstudienlehrgang der Wiener Universit\u00e4ten","og_description":"[vc_row css=&#8220;.vc_custom_1464619333206{padding-top: 100px !important;}&#8220;][vc_column][vc_video link=&#8220;https:\/\/vimeo.com\/173598755&#8243;][\/vc_column][\/vc_row]","og_url":"https:\/\/germanforstudents.dieberatercloud.at\/de\/schritt-fuer-schritt\/","og_site_name":"Deutschkurse f\u00fcr den Vorstudienlehrgang der Wiener Universit\u00e4ten","twitter_card":"summary_large_image","twitter_misc":{"Gesch\u00e4tzte Lesezeit":"1\u00a0Minute"},"schema":{"@context":"https:\/\/schema.org","@graph":[{"@type":"WebPage","@id":"https:\/\/germanforstudents.dieberatercloud.at\/de\/schritt-fuer-schritt\/","url":"https:\/\/germanforstudents.dieberatercloud.at\/de\/schritt-fuer-schritt\/","name":"Schritt f\u00fcr Schritt - Deutschkurse f\u00fcr den Vorstudienlehrgang der Wiener Universit\u00e4ten","isPartOf":{"@id":"https:\/\/germanforstudents.dieberatercloud.at\/de\/#website"},"datePublished":"2016-07-06T10:29:46+00:00","dateModified":"2016-07-06T10:29:46+00:00","breadcrumb":{"@id":"https:\/\/germanforstudents.dieberatercloud.at\/de\/schritt-fuer-schritt\/#breadcrumb"},"inLanguage":"de","potentialAction":[{"@type":"ReadAction","target":["https:\/\/germanforstudents.dieberatercloud.at\/de\/schritt-fuer-schritt\/"]}]},{"@type":"BreadcrumbList","@id":"https:\/\/germanforstudents.dieberatercloud.at\/de\/schritt-fuer-schritt\/#breadcrumb","itemListElement":[{"@type":"ListItem","position":1,"name":"Startseite","item":"https:\/\/germanforstudents.dieberatercloud.at\/de\/"},{"@type":"ListItem","position":2,"name":"Schritt f\u00fcr Schritt"}]},{"@type":"WebSite","@id":"https:\/\/germanforstudents.dieberatercloud.at\/de\/#website","url":"https:\/\/germanforstudents.dieberatercloud.at\/de\/","name":"Deutschkurse f\u00fcr den Vorstudienlehrgang der Wiener Universit\u00e4ten","description":"Deutsch lernen f\u00fcr Ihr Studium in Wien","potentialAction":[{"@type":"SearchAction","target":{"@type":"EntryPoint","urlTemplate":"https:\/\/germanforstudents.dieberatercloud.at\/de\/?s={search_term_string}"},"query-input":"required name=search_term_string"}],"inLanguage":"de"}]}},"_links":{"self":[{"href":"https:\/\/germanforstudents.dieberatercloud.at\/de\/wp-json\/wp\/v2\/pages\/3393"}],"collection":[{"href":"https:\/\/germanforstudents.dieberatercloud.at\/de\/wp-json\/wp\/v2\/pages"}],"about":[{"href":"https:\/\/germanforstudents.dieberatercloud.at\/de\/wp-json\/wp\/v2\/types\/page"}],"author":[{"embeddable":true,"href":"https:\/\/germanforstudents.dieberatercloud.at\/de\/wp-json\/wp\/v2\/users\/5"}],"replies":[{"embeddable":true,"href":"https:\/\/germanforstudents.dieberatercloud.at\/de\/wp-json\/wp\/v2\/comments?post=3393"}],"version-history":[{"count":2,"href":"https:\/\/germanforstudents.dieberatercloud.at\/de\/wp-json\/wp\/v2\/pages\/3393\/revisions"}],"predecessor-version":[{"id":4972,"href":"https:\/\/germanforstudents.dieberatercloud.at\/de\/wp-json\/wp\/v2\/pages\/3393\/revisions\/4972"}],"wp:attachment":[{"href":"https:\/\/germanforstudents.dieberatercloud.at\/de\/wp-json\/wp\/v2\/media?parent=3393"}],"curies":[{"name":"wp","href":"https:\/\/api.w.org\/{rel}","templated":true}]}}