{"id":2882,"date":"2016-05-02T08:49:52","date_gmt":"2016-05-02T06:49:52","guid":{"rendered":"http:\/\/germanforstudents.dieberatercloud.at\/?page_id=2882"},"modified":"2020-06-30T10:49:08","modified_gmt":"2020-06-30T08:49:08","slug":"lernplattform","status":"publish","type":"page","link":"https:\/\/germanforstudents.dieberatercloud.at\/de\/lernplattform\/","title":{"rendered":"Lernplattform"},"content":{"rendered":"<section class=\"wpb-content-wrapper\"><p>[vc_row css=&#8220;.vc_custom_1462263977993{padding-top: 80px !important;}&#8220;][vc_column el_class=&#8220;text-left&#8220; css=&#8220;.vc_custom_1451967642365{margin-bottom: 60px !important;}&#8220;][vc_column_text css=&#8220;.vc_custom_1462467786120{margin-bottom: 15px !important;}&#8220; el_class=&#8220;underline&#8220;]<\/p>\n<h2>N\u00fctzen Sie die Lernplattform &#8222;Deutsch lernen f\u00fcr Ihr Studium in Wien&#8220; von <em>die Berater<sup>\u00ae<\/sup><\/em><\/h2>\n<p>[\/vc_column_text][\/vc_column][\/vc_row][vc_row][vc_column][vc_column_text]Auf unserer Lernplattform k\u00f6nnen Sie sich mit anderen Studierenden vernetzen und erhalten vielf\u00e4ltige Informationen, die Ihnen das Deutsch Lernen in unseren Kursen erleichtern:<\/p>\n<p><img decoding=\"async\" loading=\"lazy\" class=\"alignnone wp-image-3799\" src=\"http:\/\/germanforstudents.dieberatercloud.at\/wp-content\/uploads\/2020\/06\/germanforstudents-1-300x184.png\" alt=\"\" width=\"640\" height=\"392\" srcset=\"https:\/\/germanforstudents.dieberatercloud.at\/wp-content\/uploads\/2020\/06\/germanforstudents-1-300x184.png 300w, https:\/\/germanforstudents.dieberatercloud.at\/wp-content\/uploads\/2020\/06\/germanforstudents-1-1024x627.png 1024w, https:\/\/germanforstudents.dieberatercloud.at\/wp-content\/uploads\/2020\/06\/germanforstudents-1-768x470.png 768w, https:\/\/germanforstudents.dieberatercloud.at\/wp-content\/uploads\/2020\/06\/germanforstudents-1-1536x940.png 1536w, https:\/\/germanforstudents.dieberatercloud.at\/wp-content\/uploads\/2020\/06\/germanforstudents-1-2048x1253.png 2048w, https:\/\/germanforstudents.dieberatercloud.at\/wp-content\/uploads\/2020\/06\/germanforstudents-1-550x337.png 550w\" sizes=\"(max-width: 640px) 100vw, 640px\" \/><\/p>\n<ul>\n<li>Informationen zur Organisation der Kurse (freie Tage, Raum\u00e4nderungen, etc.)<\/li>\n<li>Informationen zu Zusatzangeboten (Stadtf\u00fchrungen, Exkursionen, Feste)<\/li>\n<li>Upload von Haus\u00fcbungen und individuelles Feedback \u00fcber Moodle von den TrainerInnen<\/li>\n<li>Fachspezifische Inhalte, die auf das Studium vorbereiten (z.B. relevante Texte f\u00fcr zuk\u00fcnftige Medizin-StudentInnen, etc.)<\/li>\n<li>Zus\u00e4tzliches \u00dcbungsmaterial abgestimmt auf die jeweiligen Kurse\/Kursstufen<\/li>\n<\/ul>\n<p>[\/vc_column_text][\/vc_column][\/vc_row][vc_row][vc_column][vc_column_text]Sobald Sie sich f\u00fcr Ihren Deutschkurs bei uns angemeldet haben, k\u00f6nnen Sie auf unsere Lernplattform zugreifen![\/vc_column_text][vc_btn title=&#8220;ZUM LOGIN HIER KLICKEN&#8220; style=&#8220;flat&#8220; shape=&#8220;square&#8220; color=&#8220;green&#8220; link=&#8220;url:http%3A%2F%2Fmoodle.dieberater.com||target:%20_blank&#8220;][\/vc_column][\/vc_row]<\/p>\n<\/section>","protected":false},"excerpt":{"rendered":"<p>[vc_row css=&#8220;.vc_custom_1462263977993{padding-top: 80px !important;}&#8220;][vc_column el_class=&#8220;text-left&#8220; css=&#8220;.vc_custom_1451967642365{margin-bottom: 60px !important;}&#8220;][vc_column_text css=&#8220;.vc_custom_1462467786120{margin-bottom: 15px !important;}&#8220; el_class=&#8220;underline&#8220;] N\u00fctzen Sie die Lernplattform &#8222;Deutsch lernen f\u00fcr Ihr Studium in Wien&#8220; von die Berater\u00ae [\/vc_column_text][\/vc_column][\/vc_row][vc_row][vc_column][vc_column_text]Auf unserer Lernplattform k\u00f6nnen Sie sich mit anderen Studierenden vernetzen und erhalten vielf\u00e4ltige Informationen, die Ihnen das Deutsch Lernen in unseren Kursen erleichtern: Informationen zur Organisation der Kurse (freie [&hellip;]<\/p>\n","protected":false},"author":5,"featured_media":0,"parent":0,"menu_order":0,"comment_status":"closed","ping_status":"closed","template":"","meta":[],"acf":[],"yoast_head":"<!-- This site is optimized with the Yoast SEO plugin v20.0 - https:\/\/yoast.com\/wordpress\/plugins\/seo\/ -->\n<title>Lernplattform - Deutsch lernen f\u00fcr Ihr Studium in Wien<\/title>\n<meta name=\"description\" content=\"Auf unserer Lernplattform k\u00f6nnen Sie sich mit Studierenden vernetzen und erhalten Informationen, die Ihnen das Deutsch Lernen in unseren Kursen erleichtern.\" \/>\n<meta name=\"robots\" content=\"noindex, follow, max-snippet:-1, max-image-preview:large, max-video-preview:-1\" \/>\n<meta property=\"og:locale\" content=\"de_DE\" \/>\n<meta property=\"og:type\" content=\"article\" \/>\n<meta property=\"og:title\" content=\"Lernplattform - Deutsch lernen f\u00fcr Ihr Studium in Wien\" \/>\n<meta property=\"og:description\" content=\"Auf unserer Lernplattform k\u00f6nnen Sie sich mit Studierenden vernetzen und erhalten Informationen, die Ihnen das Deutsch Lernen in unseren Kursen erleichtern.\" \/>\n<meta property=\"og:url\" content=\"https:\/\/germanforstudents.dieberatercloud.at\/de\/lernplattform\/\" \/>\n<meta property=\"og:site_name\" content=\"Deutschkurse f\u00fcr den Vorstudienlehrgang der Wiener Universit\u00e4ten\" \/>\n<meta property=\"article:modified_time\" content=\"2020-06-30T08:49:08+00:00\" \/>\n<meta property=\"og:image\" content=\"http:\/\/germanforstudents.dieberatercloud.at\/wp-content\/uploads\/2020\/06\/germanforstudents-1-300x184.png\" \/>\n<meta name=\"twitter:card\" content=\"summary_large_image\" \/>\n<meta name=\"twitter:label1\" content=\"Gesch\u00e4tzte Lesezeit\" \/>\n\t<meta name=\"twitter:data1\" content=\"1\u00a0Minute\" \/>\n<script type=\"application\/ld+json\" class=\"yoast-schema-graph\">{\"@context\":\"https:\/\/schema.org\",\"@graph\":[{\"@type\":\"WebPage\",\"@id\":\"https:\/\/germanforstudents.dieberatercloud.at\/de\/lernplattform\/\",\"url\":\"https:\/\/germanforstudents.dieberatercloud.at\/de\/lernplattform\/\",\"name\":\"Lernplattform - Deutsch lernen f\u00fcr Ihr Studium in Wien\",\"isPartOf\":{\"@id\":\"https:\/\/germanforstudents.dieberatercloud.at\/de\/#website\"},\"datePublished\":\"2016-05-02T06:49:52+00:00\",\"dateModified\":\"2020-06-30T08:49:08+00:00\",\"description\":\"Auf unserer Lernplattform k\u00f6nnen Sie sich mit Studierenden vernetzen und erhalten Informationen, die Ihnen das Deutsch Lernen in unseren Kursen erleichtern.\",\"breadcrumb\":{\"@id\":\"https:\/\/germanforstudents.dieberatercloud.at\/de\/lernplattform\/#breadcrumb\"},\"inLanguage\":\"de\",\"potentialAction\":[{\"@type\":\"ReadAction\",\"target\":[\"https:\/\/germanforstudents.dieberatercloud.at\/de\/lernplattform\/\"]}]},{\"@type\":\"BreadcrumbList\",\"@id\":\"https:\/\/germanforstudents.dieberatercloud.at\/de\/lernplattform\/#breadcrumb\",\"itemListElement\":[{\"@type\":\"ListItem\",\"position\":1,\"name\":\"Startseite\",\"item\":\"https:\/\/germanforstudents.dieberatercloud.at\/de\/\"},{\"@type\":\"ListItem\",\"position\":2,\"name\":\"Lernplattform\"}]},{\"@type\":\"WebSite\",\"@id\":\"https:\/\/germanforstudents.dieberatercloud.at\/de\/#website\",\"url\":\"https:\/\/germanforstudents.dieberatercloud.at\/de\/\",\"name\":\"Deutschkurse f\u00fcr den Vorstudienlehrgang der Wiener Universit\u00e4ten\",\"description\":\"Deutsch lernen f\u00fcr Ihr Studium in Wien\",\"potentialAction\":[{\"@type\":\"SearchAction\",\"target\":{\"@type\":\"EntryPoint\",\"urlTemplate\":\"https:\/\/germanforstudents.dieberatercloud.at\/de\/?s={search_term_string}\"},\"query-input\":\"required name=search_term_string\"}],\"inLanguage\":\"de\"}]}<\/script>\n<!-- \/ Yoast SEO plugin. -->","yoast_head_json":{"title":"Lernplattform - Deutsch lernen f\u00fcr Ihr Studium in Wien","description":"Auf unserer Lernplattform k\u00f6nnen Sie sich mit Studierenden vernetzen und erhalten Informationen, die Ihnen das Deutsch Lernen in unseren Kursen erleichtern.","robots":{"index":"noindex","follow":"follow","max-snippet":"max-snippet:-1","max-image-preview":"max-image-preview:large","max-video-preview":"max-video-preview:-1"},"og_locale":"de_DE","og_type":"article","og_title":"Lernplattform - Deutsch lernen f\u00fcr Ihr Studium in Wien","og_description":"Auf unserer Lernplattform k\u00f6nnen Sie sich mit Studierenden vernetzen und erhalten Informationen, die Ihnen das Deutsch Lernen in unseren Kursen erleichtern.","og_url":"https:\/\/germanforstudents.dieberatercloud.at\/de\/lernplattform\/","og_site_name":"Deutschkurse f\u00fcr den Vorstudienlehrgang der Wiener Universit\u00e4ten","article_modified_time":"2020-06-30T08:49:08+00:00","og_image":[{"url":"http:\/\/germanforstudents.dieberatercloud.at\/wp-content\/uploads\/2020\/06\/germanforstudents-1-300x184.png"}],"twitter_card":"summary_large_image","twitter_misc":{"Gesch\u00e4tzte Lesezeit":"1\u00a0Minute"},"schema":{"@context":"https:\/\/schema.org","@graph":[{"@type":"WebPage","@id":"https:\/\/germanforstudents.dieberatercloud.at\/de\/lernplattform\/","url":"https:\/\/germanforstudents.dieberatercloud.at\/de\/lernplattform\/","name":"Lernplattform - Deutsch lernen f\u00fcr Ihr Studium in Wien","isPartOf":{"@id":"https:\/\/germanforstudents.dieberatercloud.at\/de\/#website"},"datePublished":"2016-05-02T06:49:52+00:00","dateModified":"2020-06-30T08:49:08+00:00","description":"Auf unserer Lernplattform k\u00f6nnen Sie sich mit Studierenden vernetzen und erhalten Informationen, die Ihnen das Deutsch Lernen in unseren Kursen erleichtern.","breadcrumb":{"@id":"https:\/\/germanforstudents.dieberatercloud.at\/de\/lernplattform\/#breadcrumb"},"inLanguage":"de","potentialAction":[{"@type":"ReadAction","target":["https:\/\/germanforstudents.dieberatercloud.at\/de\/lernplattform\/"]}]},{"@type":"BreadcrumbList","@id":"https:\/\/germanforstudents.dieberatercloud.at\/de\/lernplattform\/#breadcrumb","itemListElement":[{"@type":"ListItem","position":1,"name":"Startseite","item":"https:\/\/germanforstudents.dieberatercloud.at\/de\/"},{"@type":"ListItem","position":2,"name":"Lernplattform"}]},{"@type":"WebSite","@id":"https:\/\/germanforstudents.dieberatercloud.at\/de\/#website","url":"https:\/\/germanforstudents.dieberatercloud.at\/de\/","name":"Deutschkurse f\u00fcr den Vorstudienlehrgang der Wiener Universit\u00e4ten","description":"Deutsch lernen f\u00fcr Ihr Studium in Wien","potentialAction":[{"@type":"SearchAction","target":{"@type":"EntryPoint","urlTemplate":"https:\/\/germanforstudents.dieberatercloud.at\/de\/?s={search_term_string}"},"query-input":"required name=search_term_string"}],"inLanguage":"de"}]}},"_links":{"self":[{"href":"https:\/\/germanforstudents.dieberatercloud.at\/de\/wp-json\/wp\/v2\/pages\/2882"}],"collection":[{"href":"https:\/\/germanforstudents.dieberatercloud.at\/de\/wp-json\/wp\/v2\/pages"}],"about":[{"href":"https:\/\/germanforstudents.dieberatercloud.at\/de\/wp-json\/wp\/v2\/types\/page"}],"author":[{"embeddable":true,"href":"https:\/\/germanforstudents.dieberatercloud.at\/de\/wp-json\/wp\/v2\/users\/5"}],"replies":[{"embeddable":true,"href":"https:\/\/germanforstudents.dieberatercloud.at\/de\/wp-json\/wp\/v2\/comments?post=2882"}],"version-history":[{"count":11,"href":"https:\/\/germanforstudents.dieberatercloud.at\/de\/wp-json\/wp\/v2\/pages\/2882\/revisions"}],"predecessor-version":[{"id":3802,"href":"https:\/\/germanforstudents.dieberatercloud.at\/de\/wp-json\/wp\/v2\/pages\/2882\/revisions\/3802"}],"wp:attachment":[{"href":"https:\/\/germanforstudents.dieberatercloud.at\/de\/wp-json\/wp\/v2\/media?parent=2882"}],"curies":[{"name":"wp","href":"https:\/\/api.w.org\/{rel}","templated":true}]}}