{"id":2879,"date":"2016-05-02T08:46:41","date_gmt":"2016-05-02T06:46:41","guid":{"rendered":"http:\/\/germanforstudents.dieberatercloud.at\/?page_id=2879"},"modified":"2023-01-11T13:12:44","modified_gmt":"2023-01-11T12:12:44","slug":"deutschkurse","status":"publish","type":"page","link":"https:\/\/germanforstudents.dieberatercloud.at\/de\/deutschkurse\/","title":{"rendered":"Deutschkurse"},"content":{"rendered":"<section class=\"wpb-content-wrapper\"><p>[vc_row css=&#8220;.vc_custom_1462263230745{padding-top: 80px !important;}&#8220;][vc_column el_class=&#8220;text-left&#8220; css=&#8220;.vc_custom_1451967642365{margin-bottom: 60px !important;}&#8220;][vc_column_text css=&#8220;.vc_custom_1462201824848{margin-bottom: 15px !important;}&#8220; el_class=&#8220;underline&#8220;]<\/p>\n<h2>Der kurze Weg zu Ihrem Studium in Wien<\/h2>\n<p>[\/vc_column_text][\/vc_column][\/vc_row][vc_row][vc_column][vc_column_text]Mit unseren Deutschkursen f\u00fcr den Vorstudienlehrgang der Wiener Universit\u00e4ten bereiten wir Sie mit bestens qualifizierten TrainerInnen effizient auf die Erg\u00e4nzungspr\u00fcfung aus Deutsch vor, die Sie vor Antritt des Studiums ablegen m\u00fcssen. Unsere Kursr\u00e4umlichkeiten sind gro\u00dfz\u00fcgig und mit modernem Equipment ausgestattet und mit \u00f6ffentlichen Verkehrsmitteln gut erreichbar.[\/vc_column_text][vc_column_text css=&#8220;.vc_custom_1671089283394{padding-bottom: 10px !important;}&#8220;]<\/p>\n<h5>Schritt f\u00fcr Schritt<\/h5>\n<p>[\/vc_column_text][vc_single_image image=&#8220;4939&#8243; img_size=&#8220;full&#8220;][\/vc_column][\/vc_row][vc_row][vc_column][vc_column_text css=&#8220;.vc_custom_1673353748449{padding-top: 20px !important;}&#8220;]<\/p>\n<h5>Kursniveaus<\/h5>\n<p>Entsprechend den Ergebnissen des <a href=\"http:\/\/germanforstudents.dieberatercloud.at\/einstufung\/\">Einstufungstests<\/a>, den Sie absolvieren m\u00fcssen, kommen Sie in jene Kursstufe, die Ihren Sprachkenntnissen entspricht:<\/p>\n<p>AN \u2013 Anf\u00e4ngerInnen ohne Vorkenntnisse<br \/>\nAV \u2013 Anf\u00e4ngerInnen mit geringen Vorkenntnissen<br \/>\nEV \u2013 Studierende mit guten Vorkenntnissen<br \/>\nFG \u2013 Fortgeschrittene<br \/>\nWF \u2013 Weiter Fortgeschrittene<\/p>\n<p>Die Kurse umfassen 320 Unterrichtseinheiten zu je 45 Minuten pro Semester und finden an f\u00fcnf Tagen in der Woche statt. Die Teilnehmendenzahl pro Kurs betr\u00e4gt maximal 24 Personen. Es m\u00fcssen nicht alle Kursstufen absolviert werden. Ein Antreten zur Erg\u00e4nzungspr\u00fcfung Deutsch (EPD) ist nach der Kursstufe FG oder WF m\u00f6glich. Bei gutem Lernerfolg k\u00f6nnen auch Anf\u00e4nger ohne Vorkenntnisse nach 2 Semestern die Erg\u00e4ngungspr\u00fcfung Deutsch (EPD) ablegen.[\/vc_column_text][vc_single_image image=&#8220;3496&#8243; img_size=&#8220;full&#8220; onclick=&#8220;link_image&#8220;][vc_btn title=&#8220;Weitere Informationen zum zeitlichen Ablauf bis zur EPD&#8220; color=&#8220;green&#8220; link=&#8220;url:http%3A%2F%2Fgermanforstudents.dieberatercloud.at%2Fwp-content%2Fuploads%2F2018%2F02%2Fkurssystem-vwu2.pdf|target:_blank&#8220;][vc_column_text]<\/p>\n<h5>Kurszeiten im Sommersemester 2023<\/h5>\n<ul>\n<li>28.02.2023 bis 30.06.2023<\/li>\n<\/ul>\n<ul>\n<li><strong>Vormittagskurs:<\/strong> Mo: 08.00 bis 11.05, Di bis Fr: 08.00 bis 11.40 Uhr mit 20 Min. Pause<\/li>\n<li><strong>Nachmittagskurs:\u00a0<\/strong>Mo: 11.55 bis 15.00 Uhr, Di bis Fr: 11.55 bis 15.35 Uhr mit 20 Min. Pause<\/li>\n<li>1 Unterrichtseinheit (UE) = 45 Minuten<\/li>\n<li>UE pro Tag (Di bis Fr): 4,5 UE<\/li>\n<li>UE am Montag: 4,0 UE (online)<\/li>\n<li><strong>Bitte beachten Sie, dass unsere Kurse im Rahmen von Blended Learning stattfinden: 4 Tage Pr\u00e4senz, 1 Tag Online pro Woche<\/strong><\/li>\n<li>Die Kurszuteilung erfolgt abh\u00e4ngig vom Sprachniveau. W\u00fcnsche zu bestimmten Kurszeiten k\u00f6nnen Sie gerne bis zum Einstufungstermin \u00e4u\u00dfern. Bitte haben Sie Verst\u00e4ndnis, dass die Einteilung zentral erfolgt und nicht alle W\u00fcnsche ber\u00fccksichtigt werden k\u00f6nnen. Wir k\u00f6nnen daher Ihre gew\u00fcnschte Kurszeit nicht garantieren.<\/li>\n<\/ul>\n<p>[\/vc_column_text][vc_column_text]<\/p>\n<h5><\/h5>\n<h5>Kursort<\/h5>\n<p>Handelskai 388, 1020 Wien oder Home-Learning[\/vc_column_text][\/vc_column][\/vc_row][vc_row][vc_column][vc_gmaps link=&#8220;#E-8_JTNDaWZyYW1lJTIwc3JjJTNEJTIyaHR0cHMlM0ElMkYlMkZ3d3cuZ29vZ2xlLmNvbSUyRm1hcHMlMkZlbWJlZCUzRnBiJTNEJTIxMW0xOCUyMTFtMTIlMjExbTMlMjExZDI2NTkuMTY1MTIxNDgwNjU3JTIxMmQxNi40MzMyODc1MTYwNDAwNzglMjEzZDQ4LjIwMzQzNTM1NDU1MDIxNiUyMTJtMyUyMTFmMCUyMTJmMCUyMTNmMCUyMTNtMiUyMTFpMTAyNCUyMTJpNzY4JTIxNGYxMy4xJTIxM20zJTIxMW0yJTIxMXMweDQ3NmQwMGNhZTE5OWJiNzElMjUzQTB4ZDk5NTRiY2VkMzBmOWJlYyUyMTJzSGFuZGVsc2thaSUyQjM4OCUyNTJDJTJCMTAyMCUyQldpZW4lMjE1ZTAlMjEzbTIlMjExc2RlJTIxMnNhdCUyMTR2MTQ2MjIwMjcxNDYwOSUyMiUyMHdpZHRoJTNEJTIyNjAwJTIyJTIwaGVpZ2h0JTNEJTIyNDUwJTIyJTIwZnJhbWVib3JkZXIlM0QlMjIwJTIyJTIwc3R5bGUlM0QlMjJib3JkZXIlM0EwJTIyJTIwYWxsb3dmdWxsc2NyZWVuJTNFJTNDJTJGaWZyYW1lJTNF&#8220;][\/vc_column][\/vc_row]<\/p>\n<\/section>","protected":false},"excerpt":{"rendered":"<p>[vc_row css=&#8220;.vc_custom_1462263230745{padding-top: 80px !important;}&#8220;][vc_column el_class=&#8220;text-left&#8220; css=&#8220;.vc_custom_1451967642365{margin-bottom: 60px !important;}&#8220;][vc_column_text css=&#8220;.vc_custom_1462201824848{margin-bottom: 15px !important;}&#8220; el_class=&#8220;underline&#8220;] Der kurze Weg zu Ihrem Studium in Wien [\/vc_column_text][\/vc_column][\/vc_row][vc_row][vc_column][vc_column_text]Mit unseren Deutschkursen f\u00fcr den Vorstudienlehrgang der Wiener Universit\u00e4ten bereiten wir Sie mit bestens qualifizierten TrainerInnen effizient auf die Erg\u00e4nzungspr\u00fcfung aus Deutsch vor, die Sie vor Antritt des Studiums ablegen m\u00fcssen. Unsere Kursr\u00e4umlichkeiten sind gro\u00dfz\u00fcgig [&hellip;]<\/p>\n","protected":false},"author":5,"featured_media":0,"parent":0,"menu_order":0,"comment_status":"closed","ping_status":"closed","template":"","meta":[],"acf":[],"yoast_head":"<!-- This site is optimized with the Yoast SEO plugin v20.0 - https:\/\/yoast.com\/wordpress\/plugins\/seo\/ -->\n<title>Deutschkurse - Deutschkurse f\u00fcr den Vorstudienlehrgang der Wiener Universit\u00e4ten<\/title>\n<meta name=\"description\" content=\"Mit unseren Deutschkursen f\u00fcr den Vorstudienlehrgang der Wiener Universit\u00e4ten bereiten wir auf die Erg\u00e4nzungspr\u00fcfung aus Deutsch vor.\" \/>\n<meta name=\"robots\" content=\"noindex, follow, max-snippet:-1, max-image-preview:large, max-video-preview:-1\" \/>\n<meta property=\"og:locale\" content=\"de_DE\" \/>\n<meta property=\"og:type\" content=\"article\" \/>\n<meta property=\"og:title\" content=\"Deutschkurse - Deutschkurse f\u00fcr den Vorstudienlehrgang der Wiener Universit\u00e4ten\" \/>\n<meta property=\"og:description\" content=\"Mit unseren Deutschkursen f\u00fcr den Vorstudienlehrgang der Wiener Universit\u00e4ten bereiten wir auf die Erg\u00e4nzungspr\u00fcfung aus Deutsch vor.\" \/>\n<meta property=\"og:url\" content=\"https:\/\/germanforstudents.dieberatercloud.at\/de\/deutschkurse\/\" \/>\n<meta property=\"og:site_name\" content=\"Deutschkurse f\u00fcr den Vorstudienlehrgang der Wiener Universit\u00e4ten\" \/>\n<meta property=\"article:modified_time\" content=\"2023-01-11T12:12:44+00:00\" \/>\n<meta name=\"twitter:card\" content=\"summary_large_image\" \/>\n<meta name=\"twitter:label1\" content=\"Gesch\u00e4tzte Lesezeit\" \/>\n\t<meta name=\"twitter:data1\" content=\"2\u00a0Minuten\" \/>\n<script type=\"application\/ld+json\" class=\"yoast-schema-graph\">{\"@context\":\"https:\/\/schema.org\",\"@graph\":[{\"@type\":\"WebPage\",\"@id\":\"https:\/\/germanforstudents.dieberatercloud.at\/de\/deutschkurse\/\",\"url\":\"https:\/\/germanforstudents.dieberatercloud.at\/de\/deutschkurse\/\",\"name\":\"Deutschkurse - Deutschkurse f\u00fcr den Vorstudienlehrgang der Wiener Universit\u00e4ten\",\"isPartOf\":{\"@id\":\"https:\/\/germanforstudents.dieberatercloud.at\/de\/#website\"},\"datePublished\":\"2016-05-02T06:46:41+00:00\",\"dateModified\":\"2023-01-11T12:12:44+00:00\",\"description\":\"Mit unseren Deutschkursen f\u00fcr den Vorstudienlehrgang der Wiener Universit\u00e4ten bereiten wir auf die Erg\u00e4nzungspr\u00fcfung aus Deutsch vor.\",\"breadcrumb\":{\"@id\":\"https:\/\/germanforstudents.dieberatercloud.at\/de\/deutschkurse\/#breadcrumb\"},\"inLanguage\":\"de\",\"potentialAction\":[{\"@type\":\"ReadAction\",\"target\":[\"https:\/\/germanforstudents.dieberatercloud.at\/de\/deutschkurse\/\"]}]},{\"@type\":\"BreadcrumbList\",\"@id\":\"https:\/\/germanforstudents.dieberatercloud.at\/de\/deutschkurse\/#breadcrumb\",\"itemListElement\":[{\"@type\":\"ListItem\",\"position\":1,\"name\":\"Startseite\",\"item\":\"https:\/\/germanforstudents.dieberatercloud.at\/de\/\"},{\"@type\":\"ListItem\",\"position\":2,\"name\":\"Deutschkurse\"}]},{\"@type\":\"WebSite\",\"@id\":\"https:\/\/germanforstudents.dieberatercloud.at\/de\/#website\",\"url\":\"https:\/\/germanforstudents.dieberatercloud.at\/de\/\",\"name\":\"Deutschkurse f\u00fcr den Vorstudienlehrgang der Wiener Universit\u00e4ten\",\"description\":\"Deutsch lernen f\u00fcr Ihr Studium in Wien\",\"potentialAction\":[{\"@type\":\"SearchAction\",\"target\":{\"@type\":\"EntryPoint\",\"urlTemplate\":\"https:\/\/germanforstudents.dieberatercloud.at\/de\/?s={search_term_string}\"},\"query-input\":\"required name=search_term_string\"}],\"inLanguage\":\"de\"}]}<\/script>\n<!-- \/ Yoast SEO plugin. -->","yoast_head_json":{"title":"Deutschkurse - Deutschkurse f\u00fcr den Vorstudienlehrgang der Wiener Universit\u00e4ten","description":"Mit unseren Deutschkursen f\u00fcr den Vorstudienlehrgang der Wiener Universit\u00e4ten bereiten wir auf die Erg\u00e4nzungspr\u00fcfung aus Deutsch vor.","robots":{"index":"noindex","follow":"follow","max-snippet":"max-snippet:-1","max-image-preview":"max-image-preview:large","max-video-preview":"max-video-preview:-1"},"og_locale":"de_DE","og_type":"article","og_title":"Deutschkurse - Deutschkurse f\u00fcr den Vorstudienlehrgang der Wiener Universit\u00e4ten","og_description":"Mit unseren Deutschkursen f\u00fcr den Vorstudienlehrgang der Wiener Universit\u00e4ten bereiten wir auf die Erg\u00e4nzungspr\u00fcfung aus Deutsch vor.","og_url":"https:\/\/germanforstudents.dieberatercloud.at\/de\/deutschkurse\/","og_site_name":"Deutschkurse f\u00fcr den Vorstudienlehrgang der Wiener Universit\u00e4ten","article_modified_time":"2023-01-11T12:12:44+00:00","twitter_card":"summary_large_image","twitter_misc":{"Gesch\u00e4tzte Lesezeit":"2\u00a0Minuten"},"schema":{"@context":"https:\/\/schema.org","@graph":[{"@type":"WebPage","@id":"https:\/\/germanforstudents.dieberatercloud.at\/de\/deutschkurse\/","url":"https:\/\/germanforstudents.dieberatercloud.at\/de\/deutschkurse\/","name":"Deutschkurse - Deutschkurse f\u00fcr den Vorstudienlehrgang der Wiener Universit\u00e4ten","isPartOf":{"@id":"https:\/\/germanforstudents.dieberatercloud.at\/de\/#website"},"datePublished":"2016-05-02T06:46:41+00:00","dateModified":"2023-01-11T12:12:44+00:00","description":"Mit unseren Deutschkursen f\u00fcr den Vorstudienlehrgang der Wiener Universit\u00e4ten bereiten wir auf die Erg\u00e4nzungspr\u00fcfung aus Deutsch vor.","breadcrumb":{"@id":"https:\/\/germanforstudents.dieberatercloud.at\/de\/deutschkurse\/#breadcrumb"},"inLanguage":"de","potentialAction":[{"@type":"ReadAction","target":["https:\/\/germanforstudents.dieberatercloud.at\/de\/deutschkurse\/"]}]},{"@type":"BreadcrumbList","@id":"https:\/\/germanforstudents.dieberatercloud.at\/de\/deutschkurse\/#breadcrumb","itemListElement":[{"@type":"ListItem","position":1,"name":"Startseite","item":"https:\/\/germanforstudents.dieberatercloud.at\/de\/"},{"@type":"ListItem","position":2,"name":"Deutschkurse"}]},{"@type":"WebSite","@id":"https:\/\/germanforstudents.dieberatercloud.at\/de\/#website","url":"https:\/\/germanforstudents.dieberatercloud.at\/de\/","name":"Deutschkurse f\u00fcr den Vorstudienlehrgang der Wiener Universit\u00e4ten","description":"Deutsch lernen f\u00fcr Ihr Studium in Wien","potentialAction":[{"@type":"SearchAction","target":{"@type":"EntryPoint","urlTemplate":"https:\/\/germanforstudents.dieberatercloud.at\/de\/?s={search_term_string}"},"query-input":"required name=search_term_string"}],"inLanguage":"de"}]}},"_links":{"self":[{"href":"https:\/\/germanforstudents.dieberatercloud.at\/de\/wp-json\/wp\/v2\/pages\/2879"}],"collection":[{"href":"https:\/\/germanforstudents.dieberatercloud.at\/de\/wp-json\/wp\/v2\/pages"}],"about":[{"href":"https:\/\/germanforstudents.dieberatercloud.at\/de\/wp-json\/wp\/v2\/types\/page"}],"author":[{"embeddable":true,"href":"https:\/\/germanforstudents.dieberatercloud.at\/de\/wp-json\/wp\/v2\/users\/5"}],"replies":[{"embeddable":true,"href":"https:\/\/germanforstudents.dieberatercloud.at\/de\/wp-json\/wp\/v2\/comments?post=2879"}],"version-history":[{"count":11,"href":"https:\/\/germanforstudents.dieberatercloud.at\/de\/wp-json\/wp\/v2\/pages\/2879\/revisions"}],"predecessor-version":[{"id":4943,"href":"https:\/\/germanforstudents.dieberatercloud.at\/de\/wp-json\/wp\/v2\/pages\/2879\/revisions\/4943"}],"wp:attachment":[{"href":"https:\/\/germanforstudents.dieberatercloud.at\/de\/wp-json\/wp\/v2\/media?parent=2879"}],"curies":[{"name":"wp","href":"https:\/\/api.w.org\/{rel}","templated":true}]}}