{"id":2877,"date":"2016-05-02T08:45:21","date_gmt":"2016-05-02T06:45:21","guid":{"rendered":"http:\/\/germanforstudents.dieberatercloud.at\/?page_id=2877"},"modified":"2022-12-14T15:51:16","modified_gmt":"2022-12-14T14:51:16","slug":"einstufungstest","status":"publish","type":"page","link":"https:\/\/germanforstudents.dieberatercloud.at\/de\/einstufungstest\/","title":{"rendered":"Einstufung"},"content":{"rendered":"<section class=\"wpb-content-wrapper\"><p>[vc_row css=&#8220;.vc_custom_1462263442849{padding-top: 80px !important;}&#8220;][vc_column el_class=&#8220;text-left&#8220; css=&#8220;.vc_custom_1451967642365{margin-bottom: 60px !important;}&#8220;][vc_column_text css=&#8220;.vc_custom_1462986461134{margin-bottom: 15px !important;}&#8220; el_class=&#8220;underline&#8220;]<\/p>\n<h2>Die richtige Einstufung garantiert den Lernerfolg<\/h2>\n<p>[\/vc_column_text][\/vc_column][\/vc_row][vc_row][vc_column][vc_column_text]Entscheidend f\u00fcr den raschen Lernerfolg ist die richtige Einsch\u00e4tzung Ihres Sprachniveaus und die daraus resultierende Einstufung zu den Kursen. Die Einstufungstests werden schriftlich und m\u00fcndlich absolviert. Ca. 1 Woche vor Kursstart erhalten Sie das Ergebnis per E-Mail mit allen Details wie Kurseinteilung, Kursadresse und Kursbeginn.<\/p>\n<p>Bitte beachten Sie, dass VWU-Kurse nicht dem GER folgen, sondern eigene Niveaus haben. Sie finden mehr Informationen zu den Kursniveaus <a href=\"https:\/\/germanforstudents.dieberatercloud.at\/de\/deutschkurse\/\">hier<\/a>.<\/p>\n<h3>Einstufungstest<\/h3>\n<p>Der Einstufungstest besteht aus einem schriftlichen und einem m\u00fcndlichen Teil. Beides findet am gleichen Tag statt. Jede\/r Studierende muss den Einstufungstest ablegen, um einen Kursplatz zu bekommen.<\/p>\n<h4>Schriftlicher Teil:<\/h4>\n<ul>\n<li>Dauer ca. 60 Minuten<\/li>\n<li>besteht aus freier Textproduktion, Multiple Choice-Fragen und L\u00fcckentext<\/li>\n<\/ul>\n<h4>M\u00fcndlicher Teil:<\/h4>\n<p>Der m\u00fcndliche Teil findet nach dem schriftlichen Teil statt.<\/p>\n<ul>\n<li>Dauer ca. 10 Minuten<\/li>\n<li>Einzelgespr\u00e4ch mit Vorstellung und Fragen zum eigenen Leben und eigener Meinung<\/li>\n<\/ul>\n<p><strong>Sie ben\u00f6tigen einen Lichtbildausweis, um zum Test anzutreten.\u00a0<\/strong><\/p>\n<h3>Termine:<\/h3>\n<p>02.02.2023, 06.02.2023, 07.02.2023, 08.02.2023<\/p>\n<p>Den genauen Termin erfahren Sie bei nach der Anmeldung per Mail.<\/p>\n<h3>Ort:<\/h3>\n<p>Die Einstufungstests f\u00fcr das Sommersemester 2023 finden <strong>online\u00a0<\/strong>statt! Genauere Informationen zum Ablauf des Einstufungstests werden Ihnen per Mail zugesendet. Bitte beachten Sie aber, dass die <strong>Anmeldung vor dem Einstufungstest vor Ort in Wien<\/strong> ist, nicht online!<\/p>\n<p>&nbsp;<\/p>\n<p>Studierende mit zus\u00e4tzlichen Erg\u00e4nzungspr\u00fcfungen aus anderen F\u00e4chern melden sich ebenfalls bei <em>die Berater<sup>\u00ae\u00a0<\/sup><\/em>als VWU-Kooperationspartner an und werden hier eingestuft. Wenn Ihr Niveau hoch genug ist (FG\/WF), werden Sie danach vom VWU kontaktiert und k\u00f6nnen sich bis 9. Februar 2023 dort anmelden. Bitte beachten Sie, dass in diesem Fall die R\u00fcckerstattung des Kursbeitrages einige Wochen dauern kann.[\/vc_column_text][\/vc_column][\/vc_row]<\/p>\n<\/section>","protected":false},"excerpt":{"rendered":"<p>[vc_row css=&#8220;.vc_custom_1462263442849{padding-top: 80px !important;}&#8220;][vc_column el_class=&#8220;text-left&#8220; css=&#8220;.vc_custom_1451967642365{margin-bottom: 60px !important;}&#8220;][vc_column_text css=&#8220;.vc_custom_1462986461134{margin-bottom: 15px !important;}&#8220; el_class=&#8220;underline&#8220;] Die richtige Einstufung garantiert den Lernerfolg [\/vc_column_text][\/vc_column][\/vc_row][vc_row][vc_column][vc_column_text]Entscheidend f\u00fcr den raschen Lernerfolg ist die richtige Einsch\u00e4tzung Ihres Sprachniveaus und die daraus resultierende Einstufung zu den Kursen. Die Einstufungstests werden schriftlich und m\u00fcndlich absolviert. Ca. 1 Woche vor Kursstart erhalten Sie das Ergebnis per E-Mail [&hellip;]<\/p>\n","protected":false},"author":5,"featured_media":0,"parent":0,"menu_order":0,"comment_status":"closed","ping_status":"closed","template":"","meta":[],"acf":[],"yoast_head":"<!-- This site is optimized with the Yoast SEO plugin v20.0 - https:\/\/yoast.com\/wordpress\/plugins\/seo\/ -->\n<title>Einstufungstest - Deutschkurse f\u00fcr den VWU<\/title>\n<meta name=\"description\" content=\"Einstufungstest: Entscheidend f\u00fcr den raschen Lernerfolg ist die richtige Einsch\u00e4tzung Ihres Sprachniveaus und die Einstufung zu den Kursen...\" \/>\n<meta name=\"robots\" content=\"noindex, follow, max-snippet:-1, max-image-preview:large, max-video-preview:-1\" \/>\n<meta property=\"og:locale\" content=\"de_DE\" \/>\n<meta property=\"og:type\" content=\"article\" \/>\n<meta property=\"og:title\" content=\"Einstufungstest - Deutschkurse f\u00fcr den VWU\" \/>\n<meta property=\"og:description\" content=\"Einstufungstest: Entscheidend f\u00fcr den raschen Lernerfolg ist die richtige Einsch\u00e4tzung Ihres Sprachniveaus und die Einstufung zu den Kursen...\" \/>\n<meta property=\"og:url\" content=\"https:\/\/germanforstudents.dieberatercloud.at\/de\/einstufungstest\/\" \/>\n<meta property=\"og:site_name\" content=\"Deutschkurse f\u00fcr den Vorstudienlehrgang der Wiener Universit\u00e4ten\" \/>\n<meta property=\"article:modified_time\" content=\"2022-12-14T14:51:16+00:00\" \/>\n<meta name=\"twitter:card\" content=\"summary_large_image\" \/>\n<meta name=\"twitter:label1\" content=\"Gesch\u00e4tzte Lesezeit\" \/>\n\t<meta name=\"twitter:data1\" content=\"2\u00a0Minuten\" \/>\n<script type=\"application\/ld+json\" class=\"yoast-schema-graph\">{\"@context\":\"https:\/\/schema.org\",\"@graph\":[{\"@type\":\"WebPage\",\"@id\":\"https:\/\/germanforstudents.dieberatercloud.at\/de\/einstufungstest\/\",\"url\":\"https:\/\/germanforstudents.dieberatercloud.at\/de\/einstufungstest\/\",\"name\":\"Einstufungstest - Deutschkurse f\u00fcr den VWU\",\"isPartOf\":{\"@id\":\"https:\/\/germanforstudents.dieberatercloud.at\/de\/#website\"},\"datePublished\":\"2016-05-02T06:45:21+00:00\",\"dateModified\":\"2022-12-14T14:51:16+00:00\",\"description\":\"Einstufungstest: Entscheidend f\u00fcr den raschen Lernerfolg ist die richtige Einsch\u00e4tzung Ihres Sprachniveaus und die Einstufung zu den Kursen...\",\"breadcrumb\":{\"@id\":\"https:\/\/germanforstudents.dieberatercloud.at\/de\/einstufungstest\/#breadcrumb\"},\"inLanguage\":\"de\",\"potentialAction\":[{\"@type\":\"ReadAction\",\"target\":[\"https:\/\/germanforstudents.dieberatercloud.at\/de\/einstufungstest\/\"]}]},{\"@type\":\"BreadcrumbList\",\"@id\":\"https:\/\/germanforstudents.dieberatercloud.at\/de\/einstufungstest\/#breadcrumb\",\"itemListElement\":[{\"@type\":\"ListItem\",\"position\":1,\"name\":\"Startseite\",\"item\":\"https:\/\/germanforstudents.dieberatercloud.at\/de\/\"},{\"@type\":\"ListItem\",\"position\":2,\"name\":\"Einstufung\"}]},{\"@type\":\"WebSite\",\"@id\":\"https:\/\/germanforstudents.dieberatercloud.at\/de\/#website\",\"url\":\"https:\/\/germanforstudents.dieberatercloud.at\/de\/\",\"name\":\"Deutschkurse f\u00fcr den Vorstudienlehrgang der Wiener Universit\u00e4ten\",\"description\":\"Deutsch lernen f\u00fcr Ihr Studium in Wien\",\"potentialAction\":[{\"@type\":\"SearchAction\",\"target\":{\"@type\":\"EntryPoint\",\"urlTemplate\":\"https:\/\/germanforstudents.dieberatercloud.at\/de\/?s={search_term_string}\"},\"query-input\":\"required name=search_term_string\"}],\"inLanguage\":\"de\"}]}<\/script>\n<!-- \/ Yoast SEO plugin. -->","yoast_head_json":{"title":"Einstufungstest - Deutschkurse f\u00fcr den VWU","description":"Einstufungstest: Entscheidend f\u00fcr den raschen Lernerfolg ist die richtige Einsch\u00e4tzung Ihres Sprachniveaus und die Einstufung zu den Kursen...","robots":{"index":"noindex","follow":"follow","max-snippet":"max-snippet:-1","max-image-preview":"max-image-preview:large","max-video-preview":"max-video-preview:-1"},"og_locale":"de_DE","og_type":"article","og_title":"Einstufungstest - Deutschkurse f\u00fcr den VWU","og_description":"Einstufungstest: Entscheidend f\u00fcr den raschen Lernerfolg ist die richtige Einsch\u00e4tzung Ihres Sprachniveaus und die Einstufung zu den Kursen...","og_url":"https:\/\/germanforstudents.dieberatercloud.at\/de\/einstufungstest\/","og_site_name":"Deutschkurse f\u00fcr den Vorstudienlehrgang der Wiener Universit\u00e4ten","article_modified_time":"2022-12-14T14:51:16+00:00","twitter_card":"summary_large_image","twitter_misc":{"Gesch\u00e4tzte Lesezeit":"2\u00a0Minuten"},"schema":{"@context":"https:\/\/schema.org","@graph":[{"@type":"WebPage","@id":"https:\/\/germanforstudents.dieberatercloud.at\/de\/einstufungstest\/","url":"https:\/\/germanforstudents.dieberatercloud.at\/de\/einstufungstest\/","name":"Einstufungstest - Deutschkurse f\u00fcr den VWU","isPartOf":{"@id":"https:\/\/germanforstudents.dieberatercloud.at\/de\/#website"},"datePublished":"2016-05-02T06:45:21+00:00","dateModified":"2022-12-14T14:51:16+00:00","description":"Einstufungstest: Entscheidend f\u00fcr den raschen Lernerfolg ist die richtige Einsch\u00e4tzung Ihres Sprachniveaus und die Einstufung zu den Kursen...","breadcrumb":{"@id":"https:\/\/germanforstudents.dieberatercloud.at\/de\/einstufungstest\/#breadcrumb"},"inLanguage":"de","potentialAction":[{"@type":"ReadAction","target":["https:\/\/germanforstudents.dieberatercloud.at\/de\/einstufungstest\/"]}]},{"@type":"BreadcrumbList","@id":"https:\/\/germanforstudents.dieberatercloud.at\/de\/einstufungstest\/#breadcrumb","itemListElement":[{"@type":"ListItem","position":1,"name":"Startseite","item":"https:\/\/germanforstudents.dieberatercloud.at\/de\/"},{"@type":"ListItem","position":2,"name":"Einstufung"}]},{"@type":"WebSite","@id":"https:\/\/germanforstudents.dieberatercloud.at\/de\/#website","url":"https:\/\/germanforstudents.dieberatercloud.at\/de\/","name":"Deutschkurse f\u00fcr den Vorstudienlehrgang der Wiener Universit\u00e4ten","description":"Deutsch lernen f\u00fcr Ihr Studium in Wien","potentialAction":[{"@type":"SearchAction","target":{"@type":"EntryPoint","urlTemplate":"https:\/\/germanforstudents.dieberatercloud.at\/de\/?s={search_term_string}"},"query-input":"required name=search_term_string"}],"inLanguage":"de"}]}},"_links":{"self":[{"href":"https:\/\/germanforstudents.dieberatercloud.at\/de\/wp-json\/wp\/v2\/pages\/2877"}],"collection":[{"href":"https:\/\/germanforstudents.dieberatercloud.at\/de\/wp-json\/wp\/v2\/pages"}],"about":[{"href":"https:\/\/germanforstudents.dieberatercloud.at\/de\/wp-json\/wp\/v2\/types\/page"}],"author":[{"embeddable":true,"href":"https:\/\/germanforstudents.dieberatercloud.at\/de\/wp-json\/wp\/v2\/users\/5"}],"replies":[{"embeddable":true,"href":"https:\/\/germanforstudents.dieberatercloud.at\/de\/wp-json\/wp\/v2\/comments?post=2877"}],"version-history":[{"count":13,"href":"https:\/\/germanforstudents.dieberatercloud.at\/de\/wp-json\/wp\/v2\/pages\/2877\/revisions"}],"predecessor-version":[{"id":4879,"href":"https:\/\/germanforstudents.dieberatercloud.at\/de\/wp-json\/wp\/v2\/pages\/2877\/revisions\/4879"}],"wp:attachment":[{"href":"https:\/\/germanforstudents.dieberatercloud.at\/de\/wp-json\/wp\/v2\/media?parent=2877"}],"curies":[{"name":"wp","href":"https:\/\/api.w.org\/{rel}","templated":true}]}}