{"id":2228,"date":"2015-12-21T08:42:46","date_gmt":"2015-12-21T08:42:46","guid":{"rendered":"https:\/\/wp.swlabs.co\/edugate_ip\/?page_id=10"},"modified":"2023-01-18T15:32:45","modified_gmt":"2023-01-18T14:32:45","slug":"deutsch-lernen-fuer-ihr-studium-in-wien","status":"publish","type":"page","link":"https:\/\/germanforstudents.dieberatercloud.at\/de\/","title":{"rendered":"Deutsch lernen f\u00fcr Ihr Studium in Wien"},"content":{"rendered":"<section class=\"wpb-content-wrapper\"><p>[vc_row full_width=&#8220;stretch_row_content_no_spaces&#8220;][vc_column][vc_column_text css=&#8220;.vc_custom_1669794372694{padding-bottom: 30px !important;}&#8220;]<\/p>\n<h1 style=\"text-align: center;\"><strong>Deutschkurse f\u00fcr den VWU<\/strong><\/h1>\n<p>[\/vc_column_text][rev_slider_vc alias=&#8220;welcome&#8220;][\/vc_column][\/vc_row][vc_row css=&#8220;.vc_custom_1594213731890{margin-top: 1px !important;padding-top: 80px !important;}&#8220;][vc_column width=&#8220;1\/6&#8243;][vc_btn title=&#8220;Welcome&#8220; style=&#8220;flat&#8220; shape=&#8220;square&#8220; color=&#8220;green&#8220; align=&#8220;center&#8220; el_class=&#8220;button_startseite btn_leiste&#8220; link=&#8220;url:http%3A%2F%2Fgermanforstudents.dieberatercloud.at%2Fwelcome%2F|title:Welcome||&#8220; css=&#8220;.vc_custom_1594806785626{padding-top: 2px !important;}&#8220;][\/vc_column][vc_column width=&#8220;1\/6&#8243;][vc_btn title=&#8220;\u062e\u0648\u0634 \u0622\u0645\u062f\u06cc\u062f&#8220; style=&#8220;flat&#8220; shape=&#8220;square&#8220; color=&#8220;green&#8220; align=&#8220;center&#8220; el_class=&#8220;button_startseite btn_leiste&#8220; link=&#8220;url:http%3A%2F%2Fgermanforstudents.dieberatercloud.at%2Fwelcome_pe%2F|title:Welcome||&#8220; css=&#8220;.vc_custom_1594806795487{padding-top: 2px !important;}&#8220;][\/vc_column][vc_column width=&#8220;1\/6&#8243;][vc_btn title=&#8220;\u0414\u043e\u0431\u0440\u043e \u043f\u043e\u0436\u0430\u043b\u043e\u0432\u0430\u0442\u044c&#8220; style=&#8220;flat&#8220; shape=&#8220;square&#8220; color=&#8220;green&#8220; align=&#8220;center&#8220; el_class=&#8220;button_startseite btn_leiste&#8220; link=&#8220;url:http%3A%2F%2Fgermanforstudents.dieberatercloud.at%2Fwelcome-ru%2F|title:Welcome||&#8220; css=&#8220;.vc_custom_1594806807481{padding-top: 2px !important;}&#8220;][\/vc_column][vc_column width=&#8220;1\/6&#8243;][vc_btn title=&#8220;Dobrodo\u0161li&#8220; style=&#8220;flat&#8220; shape=&#8220;square&#8220; color=&#8220;green&#8220; align=&#8220;center&#8220; el_class=&#8220;button_startseite btn_leiste&#8220; link=&#8220;url:http%3A%2F%2Fgermanforstudents.dieberatercloud.at%2Fwelcome-s%2F|title:Welcome||&#8220; css=&#8220;.vc_custom_1594806824405{padding-top: 2px !important;}&#8220;][\/vc_column][vc_column width=&#8220;1\/6&#8243;][vc_btn title=&#8220;\u041b\u0430\u0441\u043a\u0430\u0432\u043e \u043f\u0440\u043e\u0441\u0438\u043c\u043e&#8220; style=&#8220;flat&#8220; shape=&#8220;square&#8220; color=&#8220;green&#8220; align=&#8220;center&#8220; el_class=&#8220;button_startseite btn_leiste&#8220; link=&#8220;url:http%3A%2F%2Fgermanforstudents.dieberatercloud.at%2Fwelcome-u%2F|title:Welcome||&#8220; css=&#8220;.vc_custom_1594806837773{padding-top: 2px !important;}&#8220;][\/vc_column][vc_column width=&#8220;1\/6&#8243;][vc_btn title=&#8220;Xush kelibsiz&#8220; style=&#8220;flat&#8220; shape=&#8220;square&#8220; color=&#8220;green&#8220; align=&#8220;center&#8220; el_class=&#8220;button_startseite btn_leiste&#8220; link=&#8220;url:http%3A%2F%2Fgermanforstudents.dieberatercloud.at%2Fwelcome-usb%2F|title:Welcome||&#8220; css=&#8220;.vc_custom_1594806870464{padding-top: 2px !important;}&#8220;][\/vc_column][\/vc_row][vc_row css=&#8220;.vc_custom_1462348301876{padding-top: 50px !important;padding-bottom: 25px !important;}&#8220;][vc_column]\r\n\t<div class=\"group-title-index shw-shortcode group-title-index-157459144869d4ec08e65ab \">\r\n\t<h2 class=\"center-title \">Deutsch lernen f\u00fcr Ihr Studium in Wien<\/h2><div class=\"description\">Sie wurden zum Universit\u00e4tsstudium in Wien zugelassen, m\u00fcssen aber noch die Erg\u00e4nzungspr\u00fcfung aus Deutsch ablegen? Kein Problem: Mit unseren <strong>Deutschkursen f\u00fcr den Vorstudienlehrgang der Wiener Universit\u00e4ten <\/strong>bereiten wir Sie rasch und effektiv darauf vor. Mit der didaktischen Kompetenz eines der f\u00fchrenden Weiterbildungsunternehmen \u00d6sterreichs und viel Unterst\u00fctzung, damit Sie auch die b\u00fcrokratischen Wege souver\u00e4n meistern. Von der Anmeldung bis zum Pr\u00fcfungsabschluss.<\/div>\t<\/div>[vc_message message_box_style=&#8220;outline&#8220; style=&#8220;round&#8220; message_box_color=&#8220;green&#8220; icon_fontawesome=&#8220;fa fa-thumbs-o-up&#8220;]<\/p>\n<h3>Unsere Vorteile:<\/h3>\n<ul>\n<li>Topmodern ausgestattete und gro\u00dfz\u00fcgige Kursr\u00e4ume<\/li>\n<li>Klimatisiert f\u00fcr entspanntes Lernen an hei\u00dfen Tagen<\/li>\n<li>Ortsungebundendes \u00dcben mit der Lernplattform<\/li>\n<li>T\u00e4glich ge\u00f6ffnetes Sekretariat f\u00fcr Ihre Anregungen und Fragen<\/li>\n<li>Sehr hohe Erfolgsquoten in der Vorbereitung auf die EPD<\/li>\n<li>Schnelle Anbindung zu Einrichtungen f\u00fcr Freizeit und Lernen<\/li>\n<li>Gratis WLAN<\/li>\n<\/ul>\n<p>[\/vc_message][vc_empty_space height=&#8220;20px&#8220;][vc_column_text]<div id=\"bubble-teaser\" class=\"choose-course\">\n\t\t\t<div class=\"row choose-course-wrapper block-413705686572db482a087b\"><div class=\"col-md-4 col-xs-6\">\n\t\t\t\t\t\t\t\t\t<div class=\"item-course item-41\">\n\t\t\t\t\t\t\t\t\t\t<div class=\"icon-circle\">\n\t\t\t\t\t\t\t\t\t\t\t<div class=\"icon-background\">\n\t\t\t\t\t\t\t\t\t\t\t\t<i class=\"icons-img icon-sw-credit-card icon-png0\"><\/i>\n\t\t\t\t\t\t\t\t\t\t\t\t<style>.icon-png0::before { content: url(\"https:\/\/germanforstudents.dieberatercloud.at\/wp-content\/uploads\/2015\/12\/bubble_icon-kursprogramm.png\");}<\/style>\n\t\t\t\t\t\t\t\t\t\t\t<\/div>\n\t\t\t\t\t\t\t\t\t\t\t<div class=\"info\">\n\t\t\t\t\t\t\t\t\t\t\t\t<div class=\"info-back\">\n\t\t\t\t\t\t\t\t\t\t\t\t\t<a class=\"\" href=\"https:\/\/germanforstudents.dieberatercloud.at\/de\/deutschkurse\/\">Der kurze Weg zu Ihrem Studium in Wien<\/a>\n\t\t\t\t\t\t\t\t\t\t\t\t<\/div>\n\t\t\t\t\t\t\t\t\t\t\t<\/div>\n\t\t\t\t\t\t\t\t\t\t<\/div>\n\t\t\t\t\t\t\t\t\t\t<div class=\"name-course\">\n\t\t\t\t\t\t\t\t\t\t\t<a href=\"https:\/\/germanforstudents.dieberatercloud.at\/de\/deutschkurse\/\">Deutschkurse<\/a>\n\t\t\t\t\t\t\t\t\t\t\t<i class=\"fa fa-long-arrow-right\"><\/i>\n\t\t\t\t\t\t\t\t\t\t<\/div>\n\t\t\t\t\t\t\t\t\t<\/div>\n\t\t\t\t\t\t\t <\/div><div class=\"col-md-4 col-xs-6\">\n\t\t\t\t\t\t\t\t\t<div class=\"item-course item-41\">\n\t\t\t\t\t\t\t\t\t\t<div class=\"icon-circle\">\n\t\t\t\t\t\t\t\t\t\t\t<div class=\"icon-background\">\n\t\t\t\t\t\t\t\t\t\t\t\t<i class=\"icons-img icon-sw-credit-card icon-png1\"><\/i>\n\t\t\t\t\t\t\t\t\t\t\t\t<style>.icon-png1::before { content: url(\"https:\/\/germanforstudents.dieberatercloud.at\/wp-content\/uploads\/2015\/12\/bubble_icon-anmeldung.png\");}<\/style>\n\t\t\t\t\t\t\t\t\t\t\t<\/div>\n\t\t\t\t\t\t\t\t\t\t\t<div class=\"info\">\n\t\t\t\t\t\t\t\t\t\t\t\t<div class=\"info-back\">\n\t\t\t\t\t\t\t\t\t\t\t\t\t<a class=\"\" href=\"https:\/\/germanforstudents.dieberatercloud.at\/de\/anmeldung\/\">Wann, wo und was Sie daf\u00fcr brauchen.<\/a>\n\t\t\t\t\t\t\t\t\t\t\t\t<\/div>\n\t\t\t\t\t\t\t\t\t\t\t<\/div>\n\t\t\t\t\t\t\t\t\t\t<\/div>\n\t\t\t\t\t\t\t\t\t\t<div class=\"name-course\">\n\t\t\t\t\t\t\t\t\t\t\t<a href=\"https:\/\/germanforstudents.dieberatercloud.at\/de\/anmeldung\/\">Anmeldung<\/a>\n\t\t\t\t\t\t\t\t\t\t\t<i class=\"fa fa-long-arrow-right\"><\/i>\n\t\t\t\t\t\t\t\t\t\t<\/div>\n\t\t\t\t\t\t\t\t\t<\/div>\n\t\t\t\t\t\t\t <\/div><div class=\"col-md-4 col-xs-6\">\n\t\t\t\t\t\t\t\t\t<div class=\"item-course item-41\">\n\t\t\t\t\t\t\t\t\t\t<div class=\"icon-circle\">\n\t\t\t\t\t\t\t\t\t\t\t<div class=\"icon-background\">\n\t\t\t\t\t\t\t\t\t\t\t\t<i class=\"icons-img icon-sw-credit-card icon-png2\"><\/i>\n\t\t\t\t\t\t\t\t\t\t\t\t<style>.icon-png2::before { content: url(\"https:\/\/germanforstudents.dieberatercloud.at\/wp-content\/uploads\/2015\/12\/bubble_icon-levelcheck.png\");}<\/style>\n\t\t\t\t\t\t\t\t\t\t\t<\/div>\n\t\t\t\t\t\t\t\t\t\t\t<div class=\"info\">\n\t\t\t\t\t\t\t\t\t\t\t\t<div class=\"info-back\">\n\t\t\t\t\t\t\t\t\t\t\t\t\t<a class=\"\" href=\"https:\/\/germanforstudents.dieberatercloud.at\/de\/einstufungstest\/\">Die richtige Einstufung garantiert den Lernerfolg.<\/a>\n\t\t\t\t\t\t\t\t\t\t\t\t<\/div>\n\t\t\t\t\t\t\t\t\t\t\t<\/div>\n\t\t\t\t\t\t\t\t\t\t<\/div>\n\t\t\t\t\t\t\t\t\t\t<div class=\"name-course\">\n\t\t\t\t\t\t\t\t\t\t\t<a href=\"https:\/\/germanforstudents.dieberatercloud.at\/de\/einstufungstest\/\">Einstufungstest<\/a>\n\t\t\t\t\t\t\t\t\t\t\t<i class=\"fa fa-long-arrow-right\"><\/i>\n\t\t\t\t\t\t\t\t\t\t<\/div>\n\t\t\t\t\t\t\t\t\t<\/div>\n\t\t\t\t\t\t\t <\/div><div class=\"col-md-4 col-xs-6\">\n\t\t\t\t\t\t\t\t\t<div class=\"item-course item-41\">\n\t\t\t\t\t\t\t\t\t\t<div class=\"icon-circle\">\n\t\t\t\t\t\t\t\t\t\t\t<div class=\"icon-background\">\n\t\t\t\t\t\t\t\t\t\t\t\t<i class=\"icons-img icon-sw-credit-card icon-png3\"><\/i>\n\t\t\t\t\t\t\t\t\t\t\t\t<style>.icon-png3::before { content: url(\"https:\/\/germanforstudents.dieberatercloud.at\/wp-content\/uploads\/2015\/12\/bubble_icon-why-us.png\");}<\/style>\n\t\t\t\t\t\t\t\t\t\t\t<\/div>\n\t\t\t\t\t\t\t\t\t\t\t<div class=\"info\">\n\t\t\t\t\t\t\t\t\t\t\t\t<div class=\"info-back\">\n\t\t\t\t\t\t\t\t\t\t\t\t\t<a class=\"\" href=\"https:\/\/germanforstudents.dieberatercloud.at\/de\/why-us\/\">Warum Sie den Deutschkurs f\u00fcr den VWU bei die Berater\u00ae machen sollten.<\/a>\n\t\t\t\t\t\t\t\t\t\t\t\t<\/div>\n\t\t\t\t\t\t\t\t\t\t\t<\/div>\n\t\t\t\t\t\t\t\t\t\t<\/div>\n\t\t\t\t\t\t\t\t\t\t<div class=\"name-course\">\n\t\t\t\t\t\t\t\t\t\t\t<a href=\"https:\/\/germanforstudents.dieberatercloud.at\/de\/why-us\/\">Why us<\/a>\n\t\t\t\t\t\t\t\t\t\t\t<i class=\"fa fa-long-arrow-right\"><\/i>\n\t\t\t\t\t\t\t\t\t\t<\/div>\n\t\t\t\t\t\t\t\t\t<\/div>\n\t\t\t\t\t\t\t <\/div><div class=\"col-md-4 col-xs-6\">\n\t\t\t\t\t\t\t\t\t<div class=\"item-course item-41\">\n\t\t\t\t\t\t\t\t\t\t<div class=\"icon-circle\">\n\t\t\t\t\t\t\t\t\t\t\t<div class=\"icon-background\">\n\t\t\t\t\t\t\t\t\t\t\t\t<i class=\"icons-img icon-sw-credit-card icon-png4\"><\/i>\n\t\t\t\t\t\t\t\t\t\t\t\t<style>.icon-png4::before { content: url(\"https:\/\/germanforstudents.dieberatercloud.at\/wp-content\/uploads\/2015\/12\/bubble_icon-lernplattform.png\");}<\/style>\n\t\t\t\t\t\t\t\t\t\t\t<\/div>\n\t\t\t\t\t\t\t\t\t\t\t<div class=\"info\">\n\t\t\t\t\t\t\t\t\t\t\t\t<div class=\"info-back\">\n\t\t\t\t\t\t\t\t\t\t\t\t\t<a class=\"\" href=\"https:\/\/germanforstudents.dieberatercloud.at\/de\/lernplattform\/\">N\u00fctzen Sie die Lernplattform von die <i>Berater<sup>\u00ae<\/sup><\/i><\/a>\n\t\t\t\t\t\t\t\t\t\t\t\t<\/div>\n\t\t\t\t\t\t\t\t\t\t\t<\/div>\n\t\t\t\t\t\t\t\t\t\t<\/div>\n\t\t\t\t\t\t\t\t\t\t<div class=\"name-course\">\n\t\t\t\t\t\t\t\t\t\t\t<a href=\"https:\/\/germanforstudents.dieberatercloud.at\/de\/lernplattform\/\">Lernplattform<\/a>\n\t\t\t\t\t\t\t\t\t\t\t<i class=\"fa fa-long-arrow-right\"><\/i>\n\t\t\t\t\t\t\t\t\t\t<\/div>\n\t\t\t\t\t\t\t\t\t<\/div>\n\t\t\t\t\t\t\t <\/div><div class=\"col-md-4 col-xs-6\">\n\t\t\t\t\t\t\t\t\t<div class=\"item-course item-41\">\n\t\t\t\t\t\t\t\t\t\t<div class=\"icon-circle\">\n\t\t\t\t\t\t\t\t\t\t\t<div class=\"icon-background\">\n\t\t\t\t\t\t\t\t\t\t\t\t<i class=\"icons-img icon-sw-credit-card icon-png5\"><\/i>\n\t\t\t\t\t\t\t\t\t\t\t\t<style>.icon-png5::before { content: url(\"https:\/\/germanforstudents.dieberatercloud.at\/wp-content\/uploads\/2015\/12\/bubble_icon-faq.png\");}<\/style>\n\t\t\t\t\t\t\t\t\t\t\t<\/div>\n\t\t\t\t\t\t\t\t\t\t\t<div class=\"info\">\n\t\t\t\t\t\t\t\t\t\t\t\t<div class=\"info-back\">\n\t\t\t\t\t\t\t\t\t\t\t\t\t<a class=\"\" href=\"https:\/\/germanforstudents.dieberatercloud.at\/de\/faq\/\">Klare Antworten auf h\u00e4ufige Fragen zu den Deutschkursen.<\/a>\n\t\t\t\t\t\t\t\t\t\t\t\t<\/div>\n\t\t\t\t\t\t\t\t\t\t\t<\/div>\n\t\t\t\t\t\t\t\t\t\t<\/div>\n\t\t\t\t\t\t\t\t\t\t<div class=\"name-course\">\n\t\t\t\t\t\t\t\t\t\t\t<a href=\"https:\/\/germanforstudents.dieberatercloud.at\/de\/faq\/\">FAQ<\/a>\n\t\t\t\t\t\t\t\t\t\t\t<i class=\"fa fa-long-arrow-right\"><\/i>\n\t\t\t\t\t\t\t\t\t\t<\/div>\n\t\t\t\t\t\t\t\t\t<\/div>\n\t\t\t\t\t\t\t <\/div><\/div>\n\t\t\t<\/div>[\/vc_column_text][\/vc_column][\/vc_row][vc_row css=&#8220;.vc_custom_1462349322916{padding-top: 50px !important;}&#8220;][vc_column width=&#8220;1\/2&#8243;][vc_custom_heading text=&#8220;Infovideo&#8220; font_container=&#8220;tag:h3|text_align:left&#8220; use_theme_fonts=&#8220;yes&#8220; el_class=&#8220;wpb_heading&#8220;][vc_video link=&#8220;https:\/\/vimeo.com\/167310162&#8243;][vc_btn title=&#8220;MEHR&#8220; style=&#8220;flat&#8220; shape=&#8220;square&#8220; color=&#8220;green&#8220; align=&#8220;right&#8220; el_class=&#8220;button_startseite&#8220; link=&#8220;url:http%3A%2F%2Fgermanforstudents.dieberatercloud.at%2Fde%2Finfovideo%2F||&#8220; css=&#8220;.vc_custom_1463736653651{padding-top: 2px !important;}&#8220;][\/vc_column][vc_column width=&#8220;1\/2&#8243;][vc_custom_heading text=&#8220;Schritt f\u00fcr Schritt&#8220; font_container=&#8220;tag:h3|text_align:left&#8220; use_theme_fonts=&#8220;yes&#8220; el_class=&#8220;wpb_heading&#8220;][vc_video link=&#8220;https:\/\/vimeo.com\/173598755&#8243;][vc_btn title=&#8220;MEHR&#8220; style=&#8220;flat&#8220; shape=&#8220;square&#8220; color=&#8220;green&#8220; align=&#8220;right&#8220; link=&#8220;url:http%3A%2F%2Fgermanforstudents.dieberatercloud.at%2Fde%2Fschritt-fuer-schritt%2F||&#8220;][\/vc_column][\/vc_row][vc_row][vc_column width=&#8220;1\/2&#8243;][vc_custom_heading text=&#8220;VWU \u2013 Die studienvorbereitende Einrichtung f\u00fcr Studierende mit nicht-deutscher Muttersprache&#8220; font_container=&#8220;tag:h3|text_align:left&#8220; use_theme_fonts=&#8220;yes&#8220; el_class=&#8220;wpb_heading&#8220;][vc_column_text]Der Deutschkurs f\u00fcr den Vorstudienlehrgang bereitet die Studierenden dieser\u00a0Universit\u00e4ten auf die vorgeschriebene Erg\u00e4nzungspr\u00fcfung Deutsch vor:<\/p>\n<ul>\n<li><a href=\"https:\/\/www.univie.ac.at\/\" target=\"_blank\" rel=\"noopener noreferrer\">Universit\u00e4t Wien (UNI Wien)<\/a><\/li>\n<li><a href=\"https:\/\/www.wu.ac.at\/\" target=\"_blank\" rel=\"noopener noreferrer\">Wirtschaftsuniversit\u00e4t Wien (WU)<\/a><\/li>\n<li><a href=\"https:\/\/www.tuwien.ac.at\/tuwien_home\/\" target=\"_blank\" rel=\"noopener noreferrer\">Technische Universit\u00e4t Wien (TU)<\/a><\/li>\n<li><a href=\"https:\/\/www.meduniwien.ac.at\/homepage\/\" target=\"_blank\" rel=\"noopener noreferrer\">Medizinische Universit\u00e4t Wien (MedUni)<\/a><\/li>\n<li><a href=\"https:\/\/www.boku.ac.at\/\" target=\"_blank\" rel=\"noopener noreferrer\">Universit\u00e4t f\u00fcr Bodenkultur (BOKU)<\/a><\/li>\n<li><a href=\"https:\/\/www.vetmeduni.ac.at\/\" target=\"_blank\" rel=\"noopener noreferrer\">Veterin\u00e4rmedizinische Universit\u00e4t Wien (VETMED)<\/a><\/li>\n<\/ul>\n<p>[\/vc_column_text][vc_btn title=&#8220;MEHR&#8220; style=&#8220;flat&#8220; shape=&#8220;square&#8220; color=&#8220;green&#8220; align=&#8220;right&#8220; link=&#8220;url:http%3A%2F%2Fgermanforstudents.dieberatercloud.at%2Fde%2Fdeutschkurse%2F||&#8220;][\/vc_column][vc_column width=&#8220;1\/2&#8243;][vc_custom_heading text=&#8220;<i>die Berater<sup>\u00ae<\/sup><\/i> &#8211; Ihr Kursanbieter, der wei\u00df, wie Sie rasch und effizient Deutsch lernen&#8220; font_container=&#8220;tag:h3|text_align:left&#8220; use_theme_fonts=&#8220;yes&#8220; el_class=&#8220;wpb_heading&#8220;][vc_column_text]Wir sind ein f\u00fchrendes Unternehmen f\u00fcr die Aus- und Weiterbildung in \u00d6sterreich mit dem Fokus auf Sprach-, Pers\u00f6nlichkeits- und IT-Trainings. Seit der Gr\u00fcndung im Jahr 1998 haben wir 350.000 KursteilnehmerInnen geschult. Vertrauen Sie auf unsere Erfahrung und Kompetenz bei der Durchf\u00fchrung von Deutschkursen: Als Pr\u00fcfungszentrum f\u00fcr das \u00d6sterreichische Sprachdiplom Deutsch (\u00d6SD) und zertifizierter Anbieter von Deutsch-Integrationskursen wissen wir, wie man effizient Sprachen trainiert, um in kurzer Zeit ein definiertes Sprachniveau zu erreichen.[\/vc_column_text][vc_btn title=&#8220;MEHR&#8220; style=&#8220;flat&#8220; shape=&#8220;square&#8220; color=&#8220;green&#8220; align=&#8220;right&#8220; link=&#8220;url:http%3A%2F%2Fwww.dieberater.com|title:zur%20Homepage%20von%20die%20Berater|target:%20_blank&#8220; css=&#8220;.vc_custom_1462984001406{margin-top: 58px !important;}&#8220;][\/vc_column][\/vc_row]<\/p>\n<\/section>","protected":false},"excerpt":{"rendered":"<p>[vc_row full_width=&#8220;stretch_row_content_no_spaces&#8220;][vc_column][vc_column_text css=&#8220;.vc_custom_1669794372694{padding-bottom: 30px !important;}&#8220;] Deutschkurse f\u00fcr den VWU [\/vc_column_text][rev_slider_vc alias=&#8220;welcome&#8220;][\/vc_column][\/vc_row][vc_row css=&#8220;.vc_custom_1594213731890{margin-top: 1px !important;padding-top: 80px !important;}&#8220;][vc_column width=&#8220;1\/6&#8243;][vc_btn title=&#8220;Welcome&#8220; style=&#8220;flat&#8220; shape=&#8220;square&#8220; color=&#8220;green&#8220; align=&#8220;center&#8220; el_class=&#8220;button_startseite btn_leiste&#8220; link=&#8220;url:http%3A%2F%2Fgermanforstudents.dieberatercloud.at%2Fwelcome%2F|title:Welcome||&#8220; css=&#8220;.vc_custom_1594806785626{padding-top: 2px !important;}&#8220;][\/vc_column][vc_column width=&#8220;1\/6&#8243;][vc_btn title=&#8220;\u062e\u0648\u0634 \u0622\u0645\u062f\u06cc\u062f&#8220; style=&#8220;flat&#8220; shape=&#8220;square&#8220; color=&#8220;green&#8220; align=&#8220;center&#8220; el_class=&#8220;button_startseite btn_leiste&#8220; link=&#8220;url:http%3A%2F%2Fgermanforstudents.dieberatercloud.at%2Fwelcome_pe%2F|title:Welcome||&#8220; css=&#8220;.vc_custom_1594806795487{padding-top: 2px !important;}&#8220;][\/vc_column][vc_column width=&#8220;1\/6&#8243;][vc_btn title=&#8220;\u0414\u043e\u0431\u0440\u043e \u043f\u043e\u0436\u0430\u043b\u043e\u0432\u0430\u0442\u044c&#8220; style=&#8220;flat&#8220; shape=&#8220;square&#8220; color=&#8220;green&#8220; align=&#8220;center&#8220; el_class=&#8220;button_startseite btn_leiste&#8220; link=&#8220;url:http%3A%2F%2Fgermanforstudents.dieberatercloud.at%2Fwelcome-ru%2F|title:Welcome||&#8220; css=&#8220;.vc_custom_1594806807481{padding-top: 2px !important;}&#8220;][\/vc_column][vc_column width=&#8220;1\/6&#8243;][vc_btn [&hellip;]<\/p>\n","protected":false},"author":5,"featured_media":0,"parent":0,"menu_order":0,"comment_status":"closed","ping_status":"closed","template":"","meta":[],"acf":[],"yoast_head":"<!-- This site is optimized with the Yoast SEO plugin v20.0 - https:\/\/yoast.com\/wordpress\/plugins\/seo\/ -->\n<title>Deutsch lernen f\u00fcr Ihr Studium in Wien - Deutschkurse f\u00fcr den Vorstudienlehrgang der Wiener Universit\u00e4ten<\/title>\n<meta name=\"description\" content=\"Sie wurden zum Universit\u00e4tsstudium in Wien zugelassen, m\u00fcssen aber noch die Erg\u00e4nzungspr\u00fcfung aus Deutsch ablegen? Wir bereiten Sie darauf vor.\" \/>\n<meta name=\"robots\" content=\"noindex, follow, max-snippet:-1, max-image-preview:large, max-video-preview:-1\" \/>\n<meta property=\"og:locale\" content=\"de_DE\" \/>\n<meta property=\"og:type\" content=\"article\" \/>\n<meta property=\"og:title\" content=\"Deutsch lernen f\u00fcr Ihr Studium in Wien - Deutschkurse f\u00fcr den Vorstudienlehrgang der Wiener Universit\u00e4ten\" \/>\n<meta property=\"og:description\" content=\"Sie wurden zum Universit\u00e4tsstudium in Wien zugelassen, m\u00fcssen aber noch die Erg\u00e4nzungspr\u00fcfung aus Deutsch ablegen? Wir bereiten Sie darauf vor.\" \/>\n<meta property=\"og:url\" content=\"https:\/\/germanforstudents.dieberatercloud.at\/de\/\" \/>\n<meta property=\"og:site_name\" content=\"Deutschkurse f\u00fcr den Vorstudienlehrgang der Wiener Universit\u00e4ten\" \/>\n<meta property=\"article:modified_time\" content=\"2023-01-18T14:32:45+00:00\" \/>\n<meta name=\"twitter:card\" content=\"summary_large_image\" \/>\n<meta name=\"twitter:label1\" content=\"Gesch\u00e4tzte Lesezeit\" \/>\n\t<meta name=\"twitter:data1\" content=\"3\u00a0Minuten\" \/>\n<script type=\"application\/ld+json\" class=\"yoast-schema-graph\">{\"@context\":\"https:\/\/schema.org\",\"@graph\":[{\"@type\":\"WebPage\",\"@id\":\"https:\/\/germanforstudents.dieberatercloud.at\/de\/\",\"url\":\"https:\/\/germanforstudents.dieberatercloud.at\/de\/\",\"name\":\"Deutsch lernen f\u00fcr Ihr Studium in Wien - Deutschkurse f\u00fcr den Vorstudienlehrgang der Wiener Universit\u00e4ten\",\"isPartOf\":{\"@id\":\"https:\/\/germanforstudents.dieberatercloud.at\/de\/#website\"},\"datePublished\":\"2015-12-21T08:42:46+00:00\",\"dateModified\":\"2023-01-18T14:32:45+00:00\",\"description\":\"Sie wurden zum Universit\u00e4tsstudium in Wien zugelassen, m\u00fcssen aber noch die Erg\u00e4nzungspr\u00fcfung aus Deutsch ablegen? Wir bereiten Sie darauf vor.\",\"breadcrumb\":{\"@id\":\"https:\/\/germanforstudents.dieberatercloud.at\/de\/#breadcrumb\"},\"inLanguage\":\"de\",\"potentialAction\":[{\"@type\":\"ReadAction\",\"target\":[\"https:\/\/germanforstudents.dieberatercloud.at\/de\/\"]}]},{\"@type\":\"BreadcrumbList\",\"@id\":\"https:\/\/germanforstudents.dieberatercloud.at\/de\/#breadcrumb\",\"itemListElement\":[{\"@type\":\"ListItem\",\"position\":1,\"name\":\"Startseite\",\"item\":\"https:\/\/germanforstudents.dieberatercloud.at\/de\/\"},{\"@type\":\"ListItem\",\"position\":2,\"name\":\"Deutsch lernen f\u00fcr Ihr Studium in Wien\"}]},{\"@type\":\"WebSite\",\"@id\":\"https:\/\/germanforstudents.dieberatercloud.at\/de\/#website\",\"url\":\"https:\/\/germanforstudents.dieberatercloud.at\/de\/\",\"name\":\"Deutschkurse f\u00fcr den Vorstudienlehrgang der Wiener Universit\u00e4ten\",\"description\":\"Deutsch lernen f\u00fcr Ihr Studium in Wien\",\"potentialAction\":[{\"@type\":\"SearchAction\",\"target\":{\"@type\":\"EntryPoint\",\"urlTemplate\":\"https:\/\/germanforstudents.dieberatercloud.at\/de\/?s={search_term_string}\"},\"query-input\":\"required name=search_term_string\"}],\"inLanguage\":\"de\"}]}<\/script>\n<!-- \/ Yoast SEO plugin. -->","yoast_head_json":{"title":"Deutsch lernen f\u00fcr Ihr Studium in Wien - Deutschkurse f\u00fcr den Vorstudienlehrgang der Wiener Universit\u00e4ten","description":"Sie wurden zum Universit\u00e4tsstudium in Wien zugelassen, m\u00fcssen aber noch die Erg\u00e4nzungspr\u00fcfung aus Deutsch ablegen? Wir bereiten Sie darauf vor.","robots":{"index":"noindex","follow":"follow","max-snippet":"max-snippet:-1","max-image-preview":"max-image-preview:large","max-video-preview":"max-video-preview:-1"},"og_locale":"de_DE","og_type":"article","og_title":"Deutsch lernen f\u00fcr Ihr Studium in Wien - Deutschkurse f\u00fcr den Vorstudienlehrgang der Wiener Universit\u00e4ten","og_description":"Sie wurden zum Universit\u00e4tsstudium in Wien zugelassen, m\u00fcssen aber noch die Erg\u00e4nzungspr\u00fcfung aus Deutsch ablegen? Wir bereiten Sie darauf vor.","og_url":"https:\/\/germanforstudents.dieberatercloud.at\/de\/","og_site_name":"Deutschkurse f\u00fcr den Vorstudienlehrgang der Wiener Universit\u00e4ten","article_modified_time":"2023-01-18T14:32:45+00:00","twitter_card":"summary_large_image","twitter_misc":{"Gesch\u00e4tzte Lesezeit":"3\u00a0Minuten"},"schema":{"@context":"https:\/\/schema.org","@graph":[{"@type":"WebPage","@id":"https:\/\/germanforstudents.dieberatercloud.at\/de\/","url":"https:\/\/germanforstudents.dieberatercloud.at\/de\/","name":"Deutsch lernen f\u00fcr Ihr Studium in Wien - Deutschkurse f\u00fcr den Vorstudienlehrgang der Wiener Universit\u00e4ten","isPartOf":{"@id":"https:\/\/germanforstudents.dieberatercloud.at\/de\/#website"},"datePublished":"2015-12-21T08:42:46+00:00","dateModified":"2023-01-18T14:32:45+00:00","description":"Sie wurden zum Universit\u00e4tsstudium in Wien zugelassen, m\u00fcssen aber noch die Erg\u00e4nzungspr\u00fcfung aus Deutsch ablegen? Wir bereiten Sie darauf vor.","breadcrumb":{"@id":"https:\/\/germanforstudents.dieberatercloud.at\/de\/#breadcrumb"},"inLanguage":"de","potentialAction":[{"@type":"ReadAction","target":["https:\/\/germanforstudents.dieberatercloud.at\/de\/"]}]},{"@type":"BreadcrumbList","@id":"https:\/\/germanforstudents.dieberatercloud.at\/de\/#breadcrumb","itemListElement":[{"@type":"ListItem","position":1,"name":"Startseite","item":"https:\/\/germanforstudents.dieberatercloud.at\/de\/"},{"@type":"ListItem","position":2,"name":"Deutsch lernen f\u00fcr Ihr Studium in Wien"}]},{"@type":"WebSite","@id":"https:\/\/germanforstudents.dieberatercloud.at\/de\/#website","url":"https:\/\/germanforstudents.dieberatercloud.at\/de\/","name":"Deutschkurse f\u00fcr den Vorstudienlehrgang der Wiener Universit\u00e4ten","description":"Deutsch lernen f\u00fcr Ihr Studium in Wien","potentialAction":[{"@type":"SearchAction","target":{"@type":"EntryPoint","urlTemplate":"https:\/\/germanforstudents.dieberatercloud.at\/de\/?s={search_term_string}"},"query-input":"required name=search_term_string"}],"inLanguage":"de"}]}},"_links":{"self":[{"href":"https:\/\/germanforstudents.dieberatercloud.at\/de\/wp-json\/wp\/v2\/pages\/2228"}],"collection":[{"href":"https:\/\/germanforstudents.dieberatercloud.at\/de\/wp-json\/wp\/v2\/pages"}],"about":[{"href":"https:\/\/germanforstudents.dieberatercloud.at\/de\/wp-json\/wp\/v2\/types\/page"}],"author":[{"embeddable":true,"href":"https:\/\/germanforstudents.dieberatercloud.at\/de\/wp-json\/wp\/v2\/users\/5"}],"replies":[{"embeddable":true,"href":"https:\/\/germanforstudents.dieberatercloud.at\/de\/wp-json\/wp\/v2\/comments?post=2228"}],"version-history":[{"count":12,"href":"https:\/\/germanforstudents.dieberatercloud.at\/de\/wp-json\/wp\/v2\/pages\/2228\/revisions"}],"predecessor-version":[{"id":4919,"href":"https:\/\/germanforstudents.dieberatercloud.at\/de\/wp-json\/wp\/v2\/pages\/2228\/revisions\/4919"}],"wp:attachment":[{"href":"https:\/\/germanforstudents.dieberatercloud.at\/de\/wp-json\/wp\/v2\/media?parent=2228"}],"curies":[{"name":"wp","href":"https:\/\/api.w.org\/{rel}","templated":true}]}}