{"id":1782,"date":"2015-12-28T13:10:21","date_gmt":"2015-12-28T13:10:21","guid":{"rendered":"https:\/\/wp.swlabs.co\/edugate_ip\/?page_id=1782"},"modified":"2022-11-29T10:56:12","modified_gmt":"2022-11-29T09:56:12","slug":"kontakt","status":"publish","type":"page","link":"https:\/\/germanforstudents.dieberatercloud.at\/de\/kontakt\/","title":{"rendered":"Kontakt"},"content":{"rendered":"<section class=\"wpb-content-wrapper\"><p>[vc_row css=&#8220;.vc_custom_1462878434820{padding-top: 80px !important;}&#8220;][vc_column css=&#8220;.vc_custom_1462879904625{margin-bottom: 60px !important;}&#8220;][vc_column_text el_class=&#8220;underline&#8220; css=&#8220;.vc_custom_1652951135903{margin-bottom: 15px !important;}&#8220;]<\/p>\n<h2>Wir sind f\u00fcr Sie da!<\/h2>\n<p>[\/vc_column_text][vc_empty_space height=&#8220;10px&#8220;][vc_column_text]<\/p>\n<p>Haben Sie Fragen? Bitte konsultieren Sie die <a href=\"https:\/\/germanforstudents.dieberatercloud.at\/de\/faq\/\">Frequently Asked Questions (FAQs)<\/a>.<\/p>\n<p>F\u00fcr weitere Anfragen stehen wir Ihnen gerne zur Verf\u00fcgung:[\/vc_column_text][\/vc_column][\/vc_row][vc_row][vc_column width=&#8220;1\/2&#8243;][vc_column_text css=&#8220;.vc_custom_1657016627602{margin-right: 1px !important;margin-left: 1px !important;border-right-width: 1px !important;border-left-width: 1px !important;padding-right: 1px !important;padding-left: 1px !important;border-radius: 1px !important;}&#8220;]Karin Asen, M.A.<br \/>\nP\u00e4dagogische Leitung<br \/>\nWipplingerstr. 32\/Top 23-25<br \/>\n1010 Wien<br \/>\nE-Mail: <a href=\"vwu@dieberater.com\">vwu@dieberater.com<\/a>[\/vc_column_text][\/vc_column][vc_column width=&#8220;1\/2&#8243;][vc_column_text css=&#8220;.vc_custom_1669715768004{margin-right: 1px !important;margin-left: 1px !important;border-right-width: 1px !important;border-left-width: 1px !important;padding-right: 1px !important;padding-left: 1px !important;border-radius: 1px !important;}&#8220;]Caroline Pajan\u010di\u010d, M.A.<br \/>\nProjektkoordination<br \/>\nHandelskai 388, 1020 Wien<br \/>\nTel.: (+43 1) 532 45 45-2602<br \/>\nE-Mail: <a href=\"vwu@dieberater.com\">vwu@dieberater.com<\/a>[\/vc_column_text][\/vc_column][\/vc_row][vc_row css=&#8220;.vc_custom_1462811003437{margin-top: 50px !important;}&#8220;][vc_column width=&#8220;1\/2&#8243;][vc_column_text]<a href=\"http:\/\/germanforstudents.dieberatercloud.at\/wp-content\/uploads\/2020\/06\/AGB_2020_06.pdf\" target=\"_blank\" rel=\"noopener noreferrer\">Unsere AGB<\/a> zum Download.[\/vc_column_text][\/vc_column][vc_column width=&#8220;1\/2&#8243;][\/vc_column][\/vc_row][vc_row css=&#8220;.vc_custom_1462810994466{margin-top: 50px !important;}&#8220;][vc_column width=&#8220;1\/2&#8243;][vc_column_text]<\/p>\n<h2>Kursort<\/h2>\n<p>Handelskai 388<br \/>\nStiege 4, 6. Stock<br \/>\n1020 Wien[\/vc_column_text][\/vc_column][vc_column width=&#8220;1\/2&#8243;][vc_gmaps link=&#8220;#E-8_JTNDaWZyYW1lJTIwc3JjJTNEJTIyaHR0cHMlM0ElMkYlMkZ3d3cuZ29vZ2xlLmNvbSUyRm1hcHMlMkZlbWJlZCUzRnBiJTNEJTIxMW0xOCUyMTFtMTIlMjExbTMlMjExZDI2NTkuMTY1MTIxNDgwNjU3JTIxMmQxNi40MzMyODc1MTYwNDAwNzglMjEzZDQ4LjIwMzQzNTM1NDU1MDIxNiUyMTJtMyUyMTFmMCUyMTJmMCUyMTNmMCUyMTNtMiUyMTFpMTAyNCUyMTJpNzY4JTIxNGYxMy4xJTIxM20zJTIxMW0yJTIxMXMweDQ3NmQwMGNhZTE5OWJiNzElMjUzQTB4ZDk5NTRiY2VkMzBmOWJlYyUyMTJzSGFuZGVsc2thaSUyQjM4OCUyNTJDJTJCMTAyMCUyQldpZW4lMjE1ZTAlMjEzbTIlMjExc2RlJTIxMnNhdCUyMTR2MTQ2MjIwMjcxNDYwOSUyMiUyMHdpZHRoJTNEJTIyNjAwJTIyJTIwaGVpZ2h0JTNEJTIyNDUwJTIyJTIwZnJhbWVib3JkZXIlM0QlMjIwJTIyJTIwc3R5bGUlM0QlMjJib3JkZXIlM0EwJTIyJTIwYWxsb3dmdWxsc2NyZWVuJTNFJTNDJTJGaWZyYW1lJTNF&#8220; size=&#8220;200px&#8220;][\/vc_column][\/vc_row][vc_row css=&#8220;.vc_custom_1462811020839{margin-top: 50px !important;}&#8220;][vc_column][vc_column_text]<\/p>\n<h2>Kontaktformular<\/h2>\n<p><script type=\"text\/javascript\">var gform;gform||(document.addEventListener(\"gform_main_scripts_loaded\",function(){gform.scriptsLoaded=!0}),window.addEventListener(\"DOMContentLoaded\",function(){gform.domLoaded=!0}),gform={domLoaded:!1,scriptsLoaded:!1,initializeOnLoaded:function(o){gform.domLoaded&&gform.scriptsLoaded?o():!gform.domLoaded&&gform.scriptsLoaded?window.addEventListener(\"DOMContentLoaded\",o):document.addEventListener(\"gform_main_scripts_loaded\",o)},hooks:{action:{},filter:{}},addAction:function(o,n,r,t){gform.addHook(\"action\",o,n,r,t)},addFilter:function(o,n,r,t){gform.addHook(\"filter\",o,n,r,t)},doAction:function(o){gform.doHook(\"action\",o,arguments)},applyFilters:function(o){return gform.doHook(\"filter\",o,arguments)},removeAction:function(o,n){gform.removeHook(\"action\",o,n)},removeFilter:function(o,n,r){gform.removeHook(\"filter\",o,n,r)},addHook:function(o,n,r,t,i){null==gform.hooks[o][n]&&(gform.hooks[o][n]=[]);var e=gform.hooks[o][n];null==i&&(i=n+\"_\"+e.length),gform.hooks[o][n].push({tag:i,callable:r,priority:t=null==t?10:t})},doHook:function(n,o,r){var t;if(r=Array.prototype.slice.call(r,1),null!=gform.hooks[n][o]&&((o=gform.hooks[n][o]).sort(function(o,n){return o.priority-n.priority}),o.forEach(function(o){\"function\"!=typeof(t=o.callable)&&(t=window[t]),\"action\"==n?t.apply(null,r):r[0]=t.apply(null,r)})),\"filter\"==n)return r[0]},removeHook:function(o,n,t,i){var r;null!=gform.hooks[o][n]&&(r=(r=gform.hooks[o][n]).filter(function(o,n,r){return!!(null!=i&&i!=o.tag||null!=t&&t!=o.priority)}),gform.hooks[o][n]=r)}});<\/script>\n                <div class='gf_browser_gecko gform_wrapper gform_legacy_markup_wrapper' id='gform_wrapper_2' ><div id='gf_2' class='gform_anchor' tabindex='-1'><\/div>\n                        <div class='gform_heading'>\n                            <span class='gform_description'><\/span>\n                        <\/div><form method='post' enctype='multipart\/form-data'  id='gform_2'  action='\/de\/wp-json\/wp\/v2\/pages\/1782#gf_2' >\n                        <div class='gform_body gform-body'><ul id='gform_fields_2' class='gform_fields top_label form_sublabel_below description_below'><li id=\"field_2_1\"  class=\"gfield gf_left_half gfield_contains_required field_sublabel_below field_description_below gfield_visibility_visible\"  data-js-reload=\"field_2_1\"><label class='gfield_label' for='input_2_1' >Name<span class=\"gfield_required\"><span class=\"gfield_required gfield_required_asterisk\">*<\/span><\/span><\/label><div class='ginput_container ginput_container_text'><input name='input_1' id='input_2_1' type='text' value='' class='medium'     aria-required=\"true\" aria-invalid=\"false\"   \/> <\/div><\/li><li id=\"field_2_2\"  class=\"gfield gf_right_half gfield_contains_required field_sublabel_below field_description_below gfield_visibility_visible\"  data-js-reload=\"field_2_2\"><label class='gfield_label' for='input_2_2' >E-Mail<span class=\"gfield_required\"><span class=\"gfield_required gfield_required_asterisk\">*<\/span><\/span><\/label><div class='ginput_container ginput_container_email'>\n                            <input name='input_2' id='input_2_2' type='text' value='' class='medium'    aria-required=\"true\" aria-invalid=\"false\"  \/>\n                        <\/div><\/li><li id=\"field_2_3\"  class=\"gfield field_sublabel_below field_description_below gfield_visibility_visible\"  data-js-reload=\"field_2_3\"><label class='gfield_label' for='input_2_3' >Betreff<\/label><div class='ginput_container ginput_container_text'><input name='input_3' id='input_2_3' type='text' value='' class='large'      aria-invalid=\"false\"   \/> <\/div><\/li><li id=\"field_2_4\"  class=\"gfield gfield_contains_required field_sublabel_below field_description_below gfield_visibility_visible\"  data-js-reload=\"field_2_4\"><label class='gfield_label' for='input_2_4' >Anfrage<span class=\"gfield_required\"><span class=\"gfield_required gfield_required_asterisk\">*<\/span><\/span><\/label><div class='ginput_container ginput_container_textarea'><textarea name='input_4' id='input_2_4' class='textarea medium'     aria-required=\"true\" aria-invalid=\"false\"   rows='10' cols='50'><\/textarea><\/div><\/li><li id=\"field_2_5\"  class=\"gfield field_sublabel_below field_description_below gfield_visibility_visible\"  data-js-reload=\"field_2_5\"><label class='gfield_label' for='input_2_5' >SPAMVERMEIDUNG (bitte Ergebnis als Zahl im Feld eingeben)<\/label><div class='gfield_captcha_container'><img class='gfield_captcha' src='https:\/\/germanforstudents.dieberatercloud.at\/wp-content\/uploads\/gravity_forms\/0-29189aaafe0ea7865d6b4fd3686574fa\/675096169.png' alt='' width='23' height='28' \/><img class='gfield_captcha' src='https:\/\/germanforstudents.dieberatercloud.at\/wp-content\/uploads\/gravity_forms\/0-29189aaafe0ea7865d6b4fd3686574fa\/1898133880.png' alt='' width='23' height='28' \/><img class='gfield_captcha' src='https:\/\/germanforstudents.dieberatercloud.at\/wp-content\/uploads\/gravity_forms\/0-29189aaafe0ea7865d6b4fd3686574fa\/912310915.png' alt='' width='23' height='28' \/><div class='gfield_captcha_input_container math_small'><input type='text' autocomplete='off' name='input_5' id='input_2_5' \/><input type='hidden' name='input_captcha_prefix_5' value='675096169,1898133880,912310915' \/><\/div><\/div><\/li><li id=\"field_2_6\"  class=\"gfield gfield_contains_required field_sublabel_below field_description_below hidden_label gfield_visibility_visible\"  data-js-reload=\"field_2_6\"><label class='gfield_label gfield_label_before_complex'  >GDPR Accepted On<span class=\"gfield_required\"><span class=\"gfield_required gfield_required_asterisk\">*<\/span><\/span><\/label><div class='ginput_container ginput_container_checkbox'><ul class='gfield_checkbox' id='input_2_6'><li class='gchoice gchoice_2_6_1'>\n\t\t\t\t\t\t\t\t<input class='gfield-choice-input' name='input_6.1' type='checkbox'  value='true'  id='choice_2_6_1'   \/>\n\t\t\t\t\t\t\t\t<label for='choice_2_6_1' id='label_2_6_1'>I agree with storage and handling of my data by this website.<\/label>\n\t\t\t\t\t\t\t<\/li><\/ul><\/div><\/li><\/ul><\/div>\n        <div class='gform_footer top_label'> <input type='submit' id='gform_submit_button_2' class='gform_button button' value='Absenden'  onclick='if(window[\"gf_submitting_2\"]){return false;}  window[\"gf_submitting_2\"]=true;  ' onkeypress='if( event.keyCode == 13 ){ if(window[\"gf_submitting_2\"]){return false;} window[\"gf_submitting_2\"]=true;  jQuery(\"#gform_2\").trigger(\"submit\",[true]); }' \/> \n            <input type='hidden' class='gform_hidden' name='is_submit_2' value='1' \/>\n            <input type='hidden' class='gform_hidden' name='gform_submit' value='2' \/>\n            \n            <input type='hidden' class='gform_hidden' name='gform_unique_id' value='' \/>\n            <input type='hidden' class='gform_hidden' name='state_2' value='WyJbXSIsImQ2OWRlODhkZWI5ODIzZmI1MGMzNjc4YWI2NjkyY2I0Il0=' \/>\n            <input type='hidden' class='gform_hidden' name='gform_target_page_number_2' id='gform_target_page_number_2' value='0' \/>\n            <input type='hidden' class='gform_hidden' name='gform_source_page_number_2' id='gform_source_page_number_2' value='1' \/>\n            <input type='hidden' name='gform_field_values' value='' \/>\n            \n        <\/div>\n                        <\/form>\n                        <\/div>[\/vc_column_text][\/vc_column][\/vc_row]<\/p>\n<\/section>","protected":false},"excerpt":{"rendered":"<p>[vc_row css=&#8220;.vc_custom_1462878434820{padding-top: 80px !important;}&#8220;][vc_column css=&#8220;.vc_custom_1462879904625{margin-bottom: 60px !important;}&#8220;][vc_column_text el_class=&#8220;underline&#8220; css=&#8220;.vc_custom_1652951135903{margin-bottom: 15px !important;}&#8220;] Wir sind f\u00fcr Sie da! [\/vc_column_text][vc_empty_space height=&#8220;10px&#8220;][vc_column_text] Haben Sie Fragen? Bitte konsultieren Sie die Frequently Asked Questions (FAQs). F\u00fcr weitere Anfragen stehen wir Ihnen gerne zur Verf\u00fcgung:[\/vc_column_text][\/vc_column][\/vc_row][vc_row][vc_column width=&#8220;1\/2&#8243;][vc_column_text css=&#8220;.vc_custom_1657016627602{margin-right: 1px !important;margin-left: 1px !important;border-right-width: 1px !important;border-left-width: 1px !important;padding-right: 1px !important;padding-left: 1px !important;border-radius: 1px !important;}&#8220;]Karin Asen, [&hellip;]<\/p>\n","protected":false},"author":5,"featured_media":0,"parent":0,"menu_order":0,"comment_status":"closed","ping_status":"closed","template":"","meta":[],"acf":[],"yoast_head":"<!-- This site is optimized with the Yoast SEO plugin v20.0 - https:\/\/yoast.com\/wordpress\/plugins\/seo\/ -->\n<title>Kontakt - Deutschkurse f\u00fcr den Vorstudienlehrgang der Wiener Universit\u00e4ten<\/title>\n<meta name=\"robots\" content=\"noindex, follow, max-snippet:-1, max-image-preview:large, max-video-preview:-1\" \/>\n<meta property=\"og:locale\" content=\"de_DE\" \/>\n<meta property=\"og:type\" content=\"article\" \/>\n<meta property=\"og:title\" content=\"Kontakt - Deutschkurse f\u00fcr den Vorstudienlehrgang der Wiener Universit\u00e4ten\" \/>\n<meta property=\"og:description\" content=\"[vc_row css=&#8220;.vc_custom_1462878434820{padding-top: 80px !important;}&#8220;][vc_column css=&#8220;.vc_custom_1462879904625{margin-bottom: 60px !important;}&#8220;][vc_column_text el_class=&#8220;underline&#8220; css=&#8220;.vc_custom_1652951135903{margin-bottom: 15px !important;}&#8220;] Wir sind f\u00fcr Sie da! [\/vc_column_text][vc_empty_space height=&#8220;10px&#8220;][vc_column_text] Haben Sie Fragen? Bitte konsultieren Sie die Frequently Asked Questions (FAQs). F\u00fcr weitere Anfragen stehen wir Ihnen gerne zur Verf\u00fcgung:[\/vc_column_text][\/vc_column][\/vc_row][vc_row][vc_column width=&#8220;1\/2&#8243;][vc_column_text css=&#8220;.vc_custom_1657016627602{margin-right: 1px !important;margin-left: 1px !important;border-right-width: 1px !important;border-left-width: 1px !important;padding-right: 1px !important;padding-left: 1px !important;border-radius: 1px !important;}&#8220;]Karin Asen, [&hellip;]\" \/>\n<meta property=\"og:url\" content=\"https:\/\/germanforstudents.dieberatercloud.at\/de\/kontakt\/\" \/>\n<meta property=\"og:site_name\" content=\"Deutschkurse f\u00fcr den Vorstudienlehrgang der Wiener Universit\u00e4ten\" \/>\n<meta property=\"article:modified_time\" content=\"2022-11-29T09:56:12+00:00\" \/>\n<meta name=\"twitter:card\" content=\"summary_large_image\" \/>\n<meta name=\"twitter:label1\" content=\"Gesch\u00e4tzte Lesezeit\" \/>\n\t<meta name=\"twitter:data1\" content=\"1\u00a0Minute\" \/>\n<script type=\"application\/ld+json\" class=\"yoast-schema-graph\">{\"@context\":\"https:\/\/schema.org\",\"@graph\":[{\"@type\":\"WebPage\",\"@id\":\"https:\/\/germanforstudents.dieberatercloud.at\/de\/kontakt\/\",\"url\":\"https:\/\/germanforstudents.dieberatercloud.at\/de\/kontakt\/\",\"name\":\"Kontakt - Deutschkurse f\u00fcr den Vorstudienlehrgang der Wiener Universit\u00e4ten\",\"isPartOf\":{\"@id\":\"https:\/\/germanforstudents.dieberatercloud.at\/de\/#website\"},\"datePublished\":\"2015-12-28T13:10:21+00:00\",\"dateModified\":\"2022-11-29T09:56:12+00:00\",\"breadcrumb\":{\"@id\":\"https:\/\/germanforstudents.dieberatercloud.at\/de\/kontakt\/#breadcrumb\"},\"inLanguage\":\"de\",\"potentialAction\":[{\"@type\":\"ReadAction\",\"target\":[\"https:\/\/germanforstudents.dieberatercloud.at\/de\/kontakt\/\"]}]},{\"@type\":\"BreadcrumbList\",\"@id\":\"https:\/\/germanforstudents.dieberatercloud.at\/de\/kontakt\/#breadcrumb\",\"itemListElement\":[{\"@type\":\"ListItem\",\"position\":1,\"name\":\"Startseite\",\"item\":\"https:\/\/germanforstudents.dieberatercloud.at\/de\/\"},{\"@type\":\"ListItem\",\"position\":2,\"name\":\"Kontakt\"}]},{\"@type\":\"WebSite\",\"@id\":\"https:\/\/germanforstudents.dieberatercloud.at\/de\/#website\",\"url\":\"https:\/\/germanforstudents.dieberatercloud.at\/de\/\",\"name\":\"Deutschkurse f\u00fcr den Vorstudienlehrgang der Wiener Universit\u00e4ten\",\"description\":\"Deutsch lernen f\u00fcr Ihr Studium in Wien\",\"potentialAction\":[{\"@type\":\"SearchAction\",\"target\":{\"@type\":\"EntryPoint\",\"urlTemplate\":\"https:\/\/germanforstudents.dieberatercloud.at\/de\/?s={search_term_string}\"},\"query-input\":\"required name=search_term_string\"}],\"inLanguage\":\"de\"}]}<\/script>\n<!-- \/ Yoast SEO plugin. -->","yoast_head_json":{"title":"Kontakt - Deutschkurse f\u00fcr den Vorstudienlehrgang der Wiener Universit\u00e4ten","robots":{"index":"noindex","follow":"follow","max-snippet":"max-snippet:-1","max-image-preview":"max-image-preview:large","max-video-preview":"max-video-preview:-1"},"og_locale":"de_DE","og_type":"article","og_title":"Kontakt - Deutschkurse f\u00fcr den Vorstudienlehrgang der Wiener Universit\u00e4ten","og_description":"[vc_row css=&#8220;.vc_custom_1462878434820{padding-top: 80px !important;}&#8220;][vc_column css=&#8220;.vc_custom_1462879904625{margin-bottom: 60px !important;}&#8220;][vc_column_text el_class=&#8220;underline&#8220; css=&#8220;.vc_custom_1652951135903{margin-bottom: 15px !important;}&#8220;] Wir sind f\u00fcr Sie da! [\/vc_column_text][vc_empty_space height=&#8220;10px&#8220;][vc_column_text] Haben Sie Fragen? Bitte konsultieren Sie die Frequently Asked Questions (FAQs). F\u00fcr weitere Anfragen stehen wir Ihnen gerne zur Verf\u00fcgung:[\/vc_column_text][\/vc_column][\/vc_row][vc_row][vc_column width=&#8220;1\/2&#8243;][vc_column_text css=&#8220;.vc_custom_1657016627602{margin-right: 1px !important;margin-left: 1px !important;border-right-width: 1px !important;border-left-width: 1px !important;padding-right: 1px !important;padding-left: 1px !important;border-radius: 1px !important;}&#8220;]Karin Asen, [&hellip;]","og_url":"https:\/\/germanforstudents.dieberatercloud.at\/de\/kontakt\/","og_site_name":"Deutschkurse f\u00fcr den Vorstudienlehrgang der Wiener Universit\u00e4ten","article_modified_time":"2022-11-29T09:56:12+00:00","twitter_card":"summary_large_image","twitter_misc":{"Gesch\u00e4tzte Lesezeit":"1\u00a0Minute"},"schema":{"@context":"https:\/\/schema.org","@graph":[{"@type":"WebPage","@id":"https:\/\/germanforstudents.dieberatercloud.at\/de\/kontakt\/","url":"https:\/\/germanforstudents.dieberatercloud.at\/de\/kontakt\/","name":"Kontakt - Deutschkurse f\u00fcr den Vorstudienlehrgang der Wiener Universit\u00e4ten","isPartOf":{"@id":"https:\/\/germanforstudents.dieberatercloud.at\/de\/#website"},"datePublished":"2015-12-28T13:10:21+00:00","dateModified":"2022-11-29T09:56:12+00:00","breadcrumb":{"@id":"https:\/\/germanforstudents.dieberatercloud.at\/de\/kontakt\/#breadcrumb"},"inLanguage":"de","potentialAction":[{"@type":"ReadAction","target":["https:\/\/germanforstudents.dieberatercloud.at\/de\/kontakt\/"]}]},{"@type":"BreadcrumbList","@id":"https:\/\/germanforstudents.dieberatercloud.at\/de\/kontakt\/#breadcrumb","itemListElement":[{"@type":"ListItem","position":1,"name":"Startseite","item":"https:\/\/germanforstudents.dieberatercloud.at\/de\/"},{"@type":"ListItem","position":2,"name":"Kontakt"}]},{"@type":"WebSite","@id":"https:\/\/germanforstudents.dieberatercloud.at\/de\/#website","url":"https:\/\/germanforstudents.dieberatercloud.at\/de\/","name":"Deutschkurse f\u00fcr den Vorstudienlehrgang der Wiener Universit\u00e4ten","description":"Deutsch lernen f\u00fcr Ihr Studium in Wien","potentialAction":[{"@type":"SearchAction","target":{"@type":"EntryPoint","urlTemplate":"https:\/\/germanforstudents.dieberatercloud.at\/de\/?s={search_term_string}"},"query-input":"required name=search_term_string"}],"inLanguage":"de"}]}},"_links":{"self":[{"href":"https:\/\/germanforstudents.dieberatercloud.at\/de\/wp-json\/wp\/v2\/pages\/1782"}],"collection":[{"href":"https:\/\/germanforstudents.dieberatercloud.at\/de\/wp-json\/wp\/v2\/pages"}],"about":[{"href":"https:\/\/germanforstudents.dieberatercloud.at\/de\/wp-json\/wp\/v2\/types\/page"}],"author":[{"embeddable":true,"href":"https:\/\/germanforstudents.dieberatercloud.at\/de\/wp-json\/wp\/v2\/users\/5"}],"replies":[{"embeddable":true,"href":"https:\/\/germanforstudents.dieberatercloud.at\/de\/wp-json\/wp\/v2\/comments?post=1782"}],"version-history":[{"count":13,"href":"https:\/\/germanforstudents.dieberatercloud.at\/de\/wp-json\/wp\/v2\/pages\/1782\/revisions"}],"predecessor-version":[{"id":4838,"href":"https:\/\/germanforstudents.dieberatercloud.at\/de\/wp-json\/wp\/v2\/pages\/1782\/revisions\/4838"}],"wp:attachment":[{"href":"https:\/\/germanforstudents.dieberatercloud.at\/de\/wp-json\/wp\/v2\/media?parent=1782"}],"curies":[{"name":"wp","href":"https:\/\/api.w.org\/{rel}","templated":true}]}}